{"id":1139,"date":"2019-04-08T19:14:09","date_gmt":"2019-04-08T19:14:09","guid":{"rendered":"http:\/\/klimaandmore.de\/?page_id=1139"},"modified":"2019-04-10T09:03:28","modified_gmt":"2019-04-10T09:03:28","slug":"unternehmen-berichten","status":"publish","type":"page","link":"https:\/\/klimaandmore.de\/?page_id=1139","title":{"rendered":"Unternehmen berichten"},"content":{"rendered":"\n<p>In diesem Bereich sammeln wir individuellen Erfahrungen und Erfolge von&nbsp;<strong>Unternehmen<\/strong>. Schreibt uns einfach eine E-Mail (susanne.kuehl@klimaandmore.de) und wir stellen Eure Texte hier online. Wir freuen uns auf Eure Beitr\u00e4ge \u2013 jeder ist klasse und wichtig!&nbsp;<\/p>\n\n\n\n<p>Eure Familie K\u00fchl<\/p>\n\n\n\n<p><strong>horaios GmbH, Blaustein:<\/strong>  Unser Unternehmen <a href=\"https:\/\/horaios.de\">horaios GmbH<\/a>  setzt zu 100% auf \u00d6kostrom, wodurch nicht nur das Elektrodienstfahrzeug profitiert. Zus\u00e4tzlich unterst\u00fctzen wir diejenigen Mitarbeiter, die t\u00e4glich mit dem Fahrrad zur Arbeit pendeln, indem wir Teil des Fahrrad-Leasing-Projekts \u201eJobRad\u201c sind. Zu unserer gro\u00dfen Freude f\u00fchrte dies dazu, dass in den letzten Monaten ein gro\u00dfer Teil unserer MitarbeiterInnen vom Auto aufs Fahrrad umgestiegen ist! \u00dcber weitere Vorschl\u00e4ge zu Verbesserungsma\u00dfnahmen freuen wir uns sehr!<\/p>\n","protected":false},"excerpt":{"rendered":"<p>In diesem Bereich sammeln wir individuellen Erfahrungen und Erfolge von&nbsp;Unternehmen. Schreibt uns einfach eine E-Mail (susanne.kuehl@klimaandmore.de) und wir stellen Eure Texte hier online. Wir freuen uns auf Eure Beitr\u00e4ge \u2013 jeder ist klasse und wichtig!&nbsp; Eure Familie K\u00fchl horaios GmbH, Blaustein: Unser Unternehmen horaios GmbH setzt zu 100% auf \u00d6kostrom, wodurch nicht nur das Elektrodienstfahrzeug &hellip; <\/p>\n<p class=\"link-more\"><a href=\"https:\/\/klimaandmore.de\/?page_id=1139\" class=\"more-link\"><span class=\"screen-reader-text\">\u201eUnternehmen berichten\u201c<\/span> weiterlesen<\/a><\/p>\n","protected":false},"author":4,"featured_media":0,"parent":0,"menu_order":0,"comment_status":"closed","ping_status":"closed","template":"","meta":{"spay_email":""},"jetpack_sharing_enabled":true,"jetpack_shortlink":"https:\/\/wp.me\/PaMwRu-in","_links":{"self":[{"href":"https:\/\/klimaandmore.de\/index.php?rest_route=\/wp\/v2\/pages\/1139"}],"collection":[{"href":"https:\/\/klimaandmore.de\/index.php?rest_route=\/wp\/v2\/pages"}],"about":[{"href":"https:\/\/klimaandmore.de\/index.php?rest_route=\/wp\/v2\/types\/page"}],"author":[{"embeddable":true,"href":"https:\/\/klimaandmore.de\/index.php?rest_route=\/wp\/v2\/users\/4"}],"replies":[{"embeddable":true,"href":"https:\/\/klimaandmore.de\/index.php?rest_route=%2Fwp%2Fv2%2Fcomments&post=1139"}],"version-history":[{"count":7,"href":"https:\/\/klimaandmore.de\/index.php?rest_route=\/wp\/v2\/pages\/1139\/revisions"}],"predecessor-version":[{"id":1153,"href":"https:\/\/klimaandmore.de\/index.php?rest_route=\/wp\/v2\/pages\/1139\/revisions\/1153"}],"wp:attachment":[{"href":"https:\/\/klimaandmore.de\/index.php?rest_route=%2Fwp%2Fv2%2Fmedia&parent=1139"}],"curies":[{"name":"wp","href":"https:\/\/api.w.org\/{rel}","templated":true}]}}