{"id":2293,"date":"2019-12-08T16:26:59","date_gmt":"2019-12-08T16:26:59","guid":{"rendered":"http:\/\/klimaandmore.de\/?page_id=2293"},"modified":"2021-01-23T08:14:44","modified_gmt":"2021-01-23T08:14:44","slug":"alle-berichte","status":"publish","type":"page","link":"https:\/\/klimaandmore.de\/?page_id=2293","title":{"rendered":"Alle Berichte"},"content":{"rendered":"\n<p class=\"has-vivid-red-color has-text-color\"><strong>Aktuell: Die Mobilit\u00e4tschallenge<\/strong><\/p>\n\n\n\n<p>Teil 1: Die Mobilit\u00e4tschallenge: das Familien-Duell &#8222;Unter 5.000 km&#8220; &#8211; Die Ausgangslage; <a href=\"https:\/\/klimaandmore.de\/?p=2103\">Link<\/a><\/p>\n\n\n\n<p>Teil 2: Die Mobilit\u00e4tschallenge: das Familien-Duell &#8222;Unter 5.000 km&#8220; &#8211; Start und erste Erfahrungen; <a href=\"https:\/\/klimaandmore.de\/?p=2133\">Link<\/a><\/p>\n\n\n\n<p>Transport Weihnachtsbaum: Alle Jahre wieder; <a href=\"https:\/\/klimaandmore.de\/?p=2360\">Link<\/a><\/p>\n\n\n\n<p>Teil 3: Die Mobilit\u00e4tschallenge: das Familien-Duell &#8222;Unter 5.000 km&#8220; &#8211; Die Neuen; <a href=\"https:\/\/klimaandmore.de\/?p=2390\">Link<\/a> <\/p>\n\n\n\n<p>Teil 4: Die Mobilit\u00e4t-Challenge: Das Familienduell \u201eunter 5.000 km\u201c \u2013 Halbzeit: Gef\u00e4hrdet Corona unsere Challenge?; <a href=\"https:\/\/klimaandmore.de\/?p=2861\">Link<\/a><\/p>\n\n\n\n<p>Teil 5: Das Familienduell &#8222;Unter 5000 km&#8220; &#8211; Presse- und Fernsehauftritte, <a href=\"https:\/\/klimaandmore.de\/?p=3339\">Link<\/a><\/p>\n\n\n\n<p>Teil 6: Ein Jahr Mobilit\u00e4ts-Challenge &#8211; Zeit f\u00fcr die Bilanz, <a href=\"https:\/\/klimaandmore.de\/?p=3350\">Link<\/a><\/p>\n\n\n\n<p>Reise Finnland Teil 1: Kann die F\u00e4hre das Flugzeug ersetzen? Ein Selbstversuch; <a href=\"https:\/\/klimaandmore.de\/?p=2627\">Link<\/a><\/p>\n\n\n\n<p>Reise Finnland Teil 2: Kann die F\u00e4hre das Flugzeug ersetzen? Teil 2: Wie war die R\u00fcckfahrt; <a href=\"https:\/\/klimaandmore.de\/?p=2676\">Link<\/a><\/p>\n\n\n\n<p class=\"has-vivid-red-color has-text-color\"><strong>\ufeffKlima und Klimawand<\/strong>e<strong>l<\/strong><\/p>\n\n\n\n<p>Was haben der Treibhauseffekt und eine Daunendecke gemeinsam? <a href=\"https:\/\/klimaandmore.de\/?p=408#more-408\">Link<\/a><\/p>\n\n\n\n<p>Ein Blick zur\u00fcck, ein Blick nach vorn &#8211; CO<sub>2<\/sub> und der Klimawandel; <a href=\"https:\/\/klimaandmore.de\/?p=436\">Link<\/a><\/p>\n\n\n\n<p>Einige Gr\u00fcnde, warum wir an der richtigen Stelle Gas geben sollten &#8211; die Folgen des Klimwandels; <a href=\"https:\/\/klimaandmore.de\/?p=464\">Link<\/a><\/p>\n\n\n\n<p>Internationale Klimaschutzziele &#8211; der Budgetansatz oder wer darf wie viel? <a href=\"https:\/\/klimaandmore.de\/?p=490\">Link<\/a><\/p>\n\n\n\n<p>Und wo steht Deuschland im Klimaschutz? Macht mit &#8211; jede Tonne z\u00e4hlt? <a href=\"https:\/\/klimaandmore.de\/?p=502\">Link<\/a><\/p>\n\n\n\n<p>Bringt doch sowie so nichts, wenn wir in Deutschland was tun&#8230; oder etwa doch? <a href=\"https:\/\/klimaandmore.de\/?p=959#more-959\">Link<\/a><\/p>\n\n\n\n<p>Hilfe das Klima kippt &#8211; Die Kipppunkte im Klimasystem; <a href=\"https:\/\/klimaandmore.de\/?p=1099\">Link<\/a><\/p>\n\n\n\n<p>Das 1,5 Grad Ziel &#8211; haben wir \u00fcber noch eine Chance; <a href=\"https:\/\/klimaandmore.de\/?p=1158#more-1158\">Link<\/a><\/p>\n\n\n\n<p>Das 1,5 Grad Ziel &#8211; wie viel Zeit bleibt eigentlich noch? <a href=\"https:\/\/klimaandmore.de\/?p=1297#more-1297\">Link<\/a><\/p>\n\n\n\n<p>Korallen in Not; <a href=\"https:\/\/klimaandmore.de\/?p=1428#more-1428\">Link<\/a><\/p>\n\n\n\n<p>Warum das Pflanzen von B\u00e4umen zur CO<sub>2<\/sub> Kompensation mit Vorsicht zu genie\u00dfen ist &#8211; Rettet die Urw\u00e4lder; <a href=\"https:\/\/klimaandmore.de\/?p=1598\">Link<\/a><\/p>\n\n\n\n<p>Wie einig ist sich denn die Wissenschaft zum Thema Mensch-gemachter Klimawandel? <a href=\"https:\/\/klimaandmore.de\/?p=1795#more-1795\">Link<\/a> <\/p>\n\n\n\n<p>Der Regenwald brennt &#8211; und was hat das mit uns zu tun? <a href=\"https:\/\/klimaandmore.de\/?p=1835\">Link<\/a><\/p>\n\n\n\n<p>Warum das Pflanzen von B\u00e4umen allein das Klima nicht rettet &#8211; und warum wir es trotzdem tun sollten; <a href=\"https:\/\/klimaandmore.de\/?p=2246\">Link<\/a><\/p>\n\n\n\n<p>Was ist eigentlich eine Klimaprojektion, <a href=\"https:\/\/klimaandmore.de\/?p=3126\">Link<\/a><\/p>\n\n\n\n<p>Gef\u00e4hrdet der Klimawandel unsere pers\u00f6nliche Gesundheit in Deutschland? <a href=\"https:\/\/klimaandmore.de\/?p=3187\">Link<\/a><\/p>\n\n\n\n<p>Klimawandel: Implikationen f\u00fcr das Gesundheitswesen, <a href=\"https:\/\/klimaandmore.de\/?p=3258\">Link<\/a><\/p>\n\n\n\n<p>D\u00fcrre in Deutschland &#8211; oder doch alles nicht so schlimm, <a href=\"https:\/\/klimaandmore.de\/?p=3261\">Link<\/a><\/p>\n\n\n\n<p class=\"has-vivid-red-color has-text-color\"><strong>Klimaskepsis<\/strong><\/p>\n\n\n\n<p>Ja, es ist wirklich der Mensch; <a href=\"https:\/\/klimaandmore.de\/?p=2525\">Link<\/a><\/p>\n\n\n\n<p>Ja, es ist wirklich der Mensch &#8211; Teil 2, <a href=\"https:\/\/klimaandmore.de\/?p=2754\">Link<\/a><\/p>\n\n\n\n<p class=\"has-vivid-red-color has-text-color\"><strong>CO2 Fu\u00dfabdruck<\/strong><\/p>\n\n\n\n<p>Wie alles begann&#8230; oder: Der CO<sub>2<\/sub> Fu\u00dfabdruck; <a href=\"https:\/\/klimaandmore.de\/?p=59\">Link<\/a> <\/p>\n\n\n\n<p>Unser ganz pers\u00f6nliche CO<sub>2<\/sub> Fu\u00dfabdruck im Jahr 2018; <a href=\"https:\/\/klimaandmore.de\/?p=108#more-108\">Link<\/a><\/p>\n\n\n\n<p>Oh nein, wir haben unser Pferd vergessen! Oder die Berechnung eines Haustiers im CO<sub>2<\/sub> Fu\u00dfabdruck; <a href=\"https:\/\/klimaandmore.de\/?p=132\">Link<\/a><\/p>\n\n\n\n<p>Erste Verbesserung unseres pers\u00f6nlichen CO<sub>2<\/sub> Fu\u00dfabdrucks &#8211; Strom aus erneuerbaren Energien; <a href=\"https:\/\/klimaandmore.de\/?p=224\">Link<\/a><\/p>\n\n\n\n<p>Des Deutschen liebstes Kind &#8211; das Auto; <a href=\"https:\/\/klimaandmore.de\/?p=293#more-293\">Link<\/a><\/p>\n\n\n\n<p>In die Tiefen unserer Mobilit\u00e4t geblickt, oder: Alternativen mal von einer anderen Seite betrachtet; <a href=\"https:\/\/klimaandmore.de\/?p=314#more-314\">Link<\/a><\/p>\n\n\n\n<p>Hilfe &#8211; wir flieeeeegen; <a href=\"https:\/\/klimaandmore.de\/?p=339#more-339\">Link<\/a><\/p>\n\n\n\n<p>\u00dcber das Kompensieren von Reisen; <a href=\"https:\/\/klimaandmore.de\/?p=358\">Link<\/a><\/p>\n\n\n\n<p>Unser neuer bester Freund das Pedelec, Teil 1; <a href=\"https:\/\/klimaandmore.de\/?p=373#more-373\">Link<\/a><\/p>\n\n\n\n<p>Unser neuer bester Freund das Pedelec, Teil 2; <a href=\"https:\/\/klimaandmore.de\/?p=376#more-376\">Link<\/a><\/p>\n\n\n\n<p>Und wo steht Deuschland im Klimaschutz? Macht mit &#8211; jede Tonne z\u00e4hlt? <a href=\"https:\/\/klimaandmore.de\/?p=502\">Link<\/a><\/p>\n\n\n\n<p>Tierisch versus vegetarisch versus vegan &#8211; schmeckt&#8217;s noch? <a href=\"https:\/\/klimaandmore.de\/?p=608#more-608\">Link<\/a><\/p>\n\n\n\n<p>Immer gr\u00f6\u00dfer &#8211; immer weiter; <a href=\"https:\/\/klimaandmore.de\/?p=740#more-740\">Link<\/a><\/p>\n\n\n\n<p>Der schnelle Kurztrip &#8211; das schnelle Vergn\u00fcgen zu welchem Preis? <a href=\"https:\/\/klimaandmore.de\/?p=838\">Link<\/a><\/p>\n\n\n\n<p>Sonne und Wind als Trockner; <a href=\"https:\/\/klimaandmore.de\/?p=913\">Link<\/a><\/p>\n\n\n\n<p>Die allt\u00e4gliche Kurzstrecke &#8211; muss es wirklich immer das Auto sein? <a href=\"https:\/\/klimaandmore.de\/?p=1024\">Link<\/a><\/p>\n\n\n\n<p>Einfluss von Ern\u00e4hrung und Mobilit\u00e4t auf den \u00f6kologischen Fu\u00dfabdruck; <a href=\"https:\/\/klimaandmore.de\/?p=1360\">Link<\/a><\/p>\n\n\n\n<p>Umweltsch\u00e4dliche Subventionen Teil 1: Der Verkehrssektor; <a href=\"https:\/\/klimaandmore.de\/?p=1818#more-1818\">Link<\/a><\/p>\n\n\n\n<p>Ein Jahr Pedelec: Unser Ersparnis in Tonnen CO<sub>2<\/sub> und Euro; <a href=\"https:\/\/klimaandmore.de\/?p=1856\">Link<\/a><\/p>\n\n\n\n<p>Der Klimaschonende Familienbesuch: das Transportmittel ist entscheidend; <a href=\"https:\/\/klimaandmore.de\/?p=1876\">Link<\/a><\/p>\n\n\n\n<p>Die CO<sub>2<\/sub> Di\u00e4t: 7-Tage-Aktion f\u00fcrs Klima; <a href=\"https:\/\/klimaandmore.de\/?p=1896\">Link<\/a><\/p>\n\n\n\n<p>Wie Internet, Smartphone und Co das Klima belasten; <a href=\"https:\/\/klimaandmore.de\/?p=1958\">Link<\/a><\/p>\n\n\n\n<p>Umweltsch\u00e4dliche Subventionen Teil 2: Der Energiesektor; <a href=\"https:\/\/klimaandmore.de\/?p=2023\">Link<\/a><\/p>\n\n\n\n<p>Warum das Pflanzen von B\u00e4umen allein das Klima nicht rettet &#8211; und warum wir es trotzdem tun sollten; <a href=\"https:\/\/klimaandmore.de\/?p=2246\">Link<\/a><\/p>\n\n\n\n<p>Alle Jahre wieder; <a href=\"https:\/\/klimaandmore.de\/?p=2360\">Link<\/a><\/p>\n\n\n\n<p>Ein Jahr sp\u00e4ter: unser pers\u00f6nlicher CO<sub>2<\/sub>-Fu\u00dfabdruck in 2019; <a href=\"https:\/\/klimaandmore.de\/?p=2472\">Link<\/a><\/p>\n\n\n\n<p>Online Shopping: Mit einem Klick bequem zu uns nach Haus, <a href=\"https:\/\/klimaandmore.de\/?p=3071#more-3071\">Link<\/a><\/p>\n\n\n\n<p>Unser CO<sub>2<\/sub>-Fu\u00dfabdruck in 2020 &#8211; konnten wir die 5 Tonnen Marke knacken?, <a href=\"https:\/\/klimaandmore.de\/?p=3474\">Link<\/a> <\/p>\n\n\n\n<p class=\"has-vivid-red-color has-text-color\"><strong>Umweltpsychologie<\/strong><\/p>\n\n\n\n<p>Warum wir zu wenig f\u00fcr den Klimaschutz tun; <a href=\"https:\/\/klimaandmore.de\/?p=2438\">Link<\/a><\/p>\n\n\n\n<p>Klimaziele SMART erreichen; <a href=\"https:\/\/klimaandmore.de\/?p=2583\">Link<\/a><\/p>\n\n\n\n<p>Gewohnheiten durchbrechen &#8211; gemeinsam &#8222;Klima-motiviert&#8220; sein; <a href=\"https:\/\/klimaandmore.de\/?p=2606\">Link<\/a><\/p>\n\n\n\n<p>Warum wir immer noch zu wenig f\u00fcr den Klimaschutz tun: Soziale Milieus Teil 1; <a href=\"https:\/\/klimaandmore.de\/?p=3558\">Link<\/a><\/p>\n\n\n\n<p class=\"has-vivid-red-color has-text-color\"><strong>Erneuerbare Energien<\/strong><\/p>\n\n\n\n<p>Energie aus regenerativen Quellen &#8211; wo stehen wir heute und wie kann es weiter gehen? <a href=\"https:\/\/klimaandmore.de\/?p=1507\">Link<\/a><\/p>\n\n\n\n<p>Power to gas &#8211; was ist das eigentlich? <a href=\"https:\/\/klimaandmore.de\/?p=1515\">Link<\/a><\/p>\n\n\n\n<p>Grau-gr\u00fcn-blau-t\u00fcrkis: Welche Farbe hat der Wasserstoff?, <a href=\"https:\/\/klimaandmore.de\/?p=3169\">Link<\/a> <\/p>\n\n\n\n<p>Wie viel regenerativen Strom braucht Deutschland? Und was versteht man eigentlich unter Prim\u00e4r-, was unter Endenergie?, <a href=\"https:\/\/klimaandmore.de\/?p=3407\">Link<\/a><\/p>\n\n\n\n<p class=\"has-vivid-red-color has-text-color\"><strong>Mobilit\u00e4t<\/strong><\/p>\n\n\n\n<p>Des Deutschen liebstes Kind &#8211; das Auto; <a href=\"https:\/\/klimaandmore.de\/?p=293#more-293\">Link<\/a> <\/p>\n\n\n\n<p>In die Tiefen unserer Mobilit\u00e4t geblickt, oder: Alternativen mal von einer anderen Seite betrachtet; <a href=\"https:\/\/klimaandmore.de\/?p=314#more-314\">Link<\/a><\/p>\n\n\n\n<p>Hilfe &#8211; wir flieeeeegen; <a href=\"https:\/\/klimaandmore.de\/?p=339#more-339\">Link<\/a><\/p>\n\n\n\n<p>\u00dcber das Kompensieren von Reisen; <a href=\"https:\/\/klimaandmore.de\/?p=358\">Link<\/a><\/p>\n\n\n\n<p>Unser neuer bester Freund das Pedelec, Teil 1; <a href=\"https:\/\/klimaandmore.de\/?p=373#more-373\">Link<\/a><\/p>\n\n\n\n<p>Unser neuer bester Freund das Pedelec, Teil 2; <a href=\"https:\/\/klimaandmore.de\/?p=376#more-376\">Link<\/a><\/p>\n\n\n\n<p>Immer gr\u00f6\u00dfer &#8211; immer weiter; <a href=\"https:\/\/klimaandmore.de\/?p=740#more-740\">Link<\/a><\/p>\n\n\n\n<p>Der schnelle Kurztrip &#8211; das schnelle Vergn\u00fcgen zu welchem Preis? <a href=\"https:\/\/klimaandmore.de\/?p=838\">Link<\/a><\/p>\n\n\n\n<p>Die allt\u00e4gliche Kurzstrecke &#8211; muss es wirklich immer das Auto sein? <a href=\"https:\/\/klimaandmore.de\/?p=1024\">Link<\/a><\/p>\n\n\n\n<p>Einfluss von Ern\u00e4hrung und Mobilit\u00e4t auf den \u00f6kologischen Fu\u00dfabdruck; <a href=\"https:\/\/klimaandmore.de\/?p=1360\">Link<\/a><\/p>\n\n\n\n<p>Die Dienstreise: Einfluss des Transportmittels auf das Klima; <a href=\"https:\/\/klimaandmore.de\/?p=1621\">Link<\/a><\/p>\n\n\n\n<p>Umweltsch\u00e4dliche Subventionen Teil 1: Der Verkehrssektor; <a href=\"https:\/\/klimaandmore.de\/?p=1818#more-1818\">Link<\/a><\/p>\n\n\n\n<p>Ein Jahr Pedelec: Unser Ersparnis in Tonnen CO<sub>2<\/sub> und Euro; <a href=\"https:\/\/klimaandmore.de\/?p=1856\">Link<\/a><\/p>\n\n\n\n<p>Der Klimaschonende Familienbesuch: das Transportmittel ist entscheidend; <a href=\"https:\/\/klimaandmore.de\/?p=1876\">Link<\/a><\/p>\n\n\n\n<p>Mit meinem eigenen Sprit durch Deutschland &#8211; klimafreundlich reisen; <a href=\"https:\/\/klimaandmore.de\/?p=2493\">Link<\/a><\/p>\n\n\n\n<p>Kann die F\u00e4hre das Flugzeug ersetzen? Ein Selbstversuch; <a href=\"https:\/\/klimaandmore.de\/?p=2627\">Link<\/a><\/p>\n\n\n\n<p>Kann die F\u00e4hre das Flugzeug ersetzen? Teil 2: Wie war die R\u00fcckfahrt; <a href=\"https:\/\/klimaandmore.de\/?p=2676\">Link<\/a><\/p>\n\n\n\n<p>Schneller voran mit Tempolimit ; <a href=\"https:\/\/klimaandmore.de\/?p=2880\">Link<\/a><\/p>\n\n\n\n<p>E-Auto oder Verbrenner \u2013 wer ist besser f\u00fcr das Klima?; <a href=\"https:\/\/klimaandmore.de\/?p=3518\">Link<\/a><\/p>\n\n\n\n<p class=\"has-vivid-red-color has-text-color\"><strong>Plastik<\/strong><\/p>\n\n\n\n<p>Unsere alte Kaffeemaschine und der Strand von Malaysia; <a href=\"https:\/\/klimaandmore.de\/?p=171\">Link<\/a><\/p>\n\n\n\n<p>Unser gelber Sack &#8211; Beginn einer Spurensuche, Teil1; <a href=\"https:\/\/klimaandmore.de\/?p=196\">Link<\/a><\/p>\n\n\n\n<p>Unser gelber Sack &#8211; Die Spurensuche geht weiter, Teil 2; <a href=\"https:\/\/klimaandmore.de\/?p=248\">Link<\/a><\/p>\n\n\n\n<p>Die Sache mit dem Kunststoffrecycling; <a href=\"https:\/\/klimaandmore.de\/?p=254\">Link<\/a><\/p>\n\n\n\n<p>Auf den Spuren der PET Plastikflasche; <a href=\"https:\/\/klimaandmore.de\/?p=268#more-268\">Link<\/a><\/p>\n\n\n\n<p>Immer in Eile &#8211; Wie ToGo die Umwelt belastet; <a href=\"https:\/\/klimaandmore.de\/?p=635\">Link<\/a><\/p>\n\n\n\n<p>Schw\u00e4bische Putzete in Blaustein; <a href=\"https:\/\/klimaandmore.de\/?p=806#more-806\">Link<\/a><\/p>\n\n\n\n<p>Plastik Detox in unserem Badezimmer; <a href=\"https:\/\/klimaandmore.de\/?p=820#more-820\">Link<\/a><\/p>\n\n\n\n<p>Mikroplastik, die fast unsichtbare Gefahr; <a href=\"https:\/\/klimaandmore.de\/?p=1061\">Link<\/a><\/p>\n\n\n\n<p>Bio-basierte und kompostierbare Kunststoffe: Die L\u00f6sung des Plastikproblems; <a href=\"https:\/\/klimaandmore.de\/?p=1745\">Link<\/a><\/p>\n\n\n\n<p>Alle Jahre wieder; <a href=\"https:\/\/klimaandmore.de\/?p=2360\">Link<\/a><\/p>\n\n\n\n<p>Plastikdetox in unserem Haushalt &#8211; Stand der Dinge Ende 2020, <a href=\"https:\/\/klimaandmore.de\/?p=3468\">Link<\/a><\/p>\n\n\n\n<p class=\"has-vivid-red-color has-text-color\"><strong>Ern\u00e4hrung<\/strong><\/p>\n\n\n\n<p>Tierisch versus vegetarisch versus vegan &#8211; schmeckt&#8217;s noch? <a href=\"https:\/\/klimaandmore.de\/?p=608#more-608\">Link<\/a><\/p>\n\n\n\n<p>Immer in Eile &#8211; Wie ToGo die Umwelt belastet; <a href=\"https:\/\/klimaandmore.de\/?p=635\">Link<\/a><\/p>\n\n\n\n<p>Einfluss von Ern\u00e4hrung und Mobilit\u00e4t auf den \u00f6kologischen Fu\u00dfabdruck; <a href=\"https:\/\/klimaandmore.de\/?p=1360\">Link<\/a><\/p>\n\n\n\n<p>Der Regenwald brennt &#8211; und was hat das mit uns zu tun? <a href=\"https:\/\/klimaandmore.de\/?p=1835\">Link<\/a><\/p>\n\n\n\n<p>Wenn wir die Apfelbl\u00fcten dereinst selbst best\u00e4uben m\u00fcssen; <a href=\"https:\/\/klimaandmore.de\/?p=2280\">Link<\/a><\/p>\n\n\n\n<p class=\"has-vivid-red-color has-text-color\"><strong>Flora und Fauna <\/strong><\/p>\n\n\n\n<p>Licht aus in der Nacht oder wer sieht den gro\u00dfen Wagen; <a href=\"https:\/\/klimaandmore.de\/?p=726\">Link<\/a><\/p>\n\n\n\n<p>Schw\u00e4bische Putzete in Blaustein; <a href=\"https:\/\/klimaandmore.de\/?p=806\">Link<\/a><\/p>\n\n\n\n<p>Unsere kleinen Freunde die Insekten; <a href=\"https:\/\/klimaandmore.de\/?p=1236\">Link<\/a><\/p>\n\n\n\n<p>Von M\u00e4hrobotern und Laubbl\u00e4sern; <a href=\"https:\/\/klimaandmore.de\/?p=1260\">Link<\/a><\/p>\n\n\n\n<p>Korallen in Not; <a href=\"https:\/\/klimaandmore.de\/?p=1428\">Link<\/a><\/p>\n\n\n\n<p>Warum das Pflanzen von B\u00e4umen zur CO2 Kompensation mit Vorsicht zu genie\u00dfen ist &#8211; Rettet die Urw\u00e4lder; <a href=\"https:\/\/klimaandmore.de\/?p=1598\">Link<\/a><\/p>\n\n\n\n<p>Die 7-Tage-Artenvielfalt-Kur; <a href=\"https:\/\/klimaandmore.de\/?p=1692\">Link<\/a><\/p>\n\n\n\n<p>Der Regenwald brennt &#8211; und was hat das mit uns zu tun? <a href=\"https:\/\/klimaandmore.de\/?p=1835\">Link<\/a><\/p>\n\n\n\n<p>Pflanzaktion in unserem Wohngebiet; <a href=\"https:\/\/klimaandmore.de\/?p=2064\">Link<\/a><\/p>\n\n\n\n<p>Warum das Pflanzen von B\u00e4umen allein das Klima nicht rettet &#8211; und warum wir es trotzdem tun sollten; <a href=\"https:\/\/klimaandmore.de\/?p=2246\">Link<\/a><\/p>\n\n\n\n<p>Wenn wir die Apfelbl\u00fcten dereinst selbst best\u00e4uben m\u00fcssen; <a href=\"https:\/\/klimaandmore.de\/?p=2280\">Link<\/a><\/p>\n\n\n\n<p>Alle Jahre wieder; <a href=\"https:\/\/klimaandmore.de\/?p=2360\">Link<\/a><\/p>\n\n\n\n<p>Das Silvesterfeuerwerk &#8211; wirklich ein gute Idee f\u00fcr den Rutsch ins Neue Jahr?; <a href=\"https:\/\/klimaandmore.de\/?p=2404\">Link<\/a> <\/p>\n\n\n\n<p>Was die Corona-Pandemie, der Verlust der Biodiversit\u00e4t und die Klimakrise gemein haben\u2026; <a href=\"https:\/\/klimaandmore.de\/?p=2952\">Link<\/a><\/p>\n\n\n\n<p>Was bringen Bl\u00fchstreifen in der Stadt und auf dem Land?; <a href=\"https:\/\/klimaandmore.de\/?p=3030\">Link<\/a><\/p>\n\n\n\n<p>Der R\u00fcckgang der Insekten nimmt dramatische Ausma\u00dfe an: die wissenschaftliche Basis, <a href=\"https:\/\/klimaandmore.de\/?p=3444\">Link<\/a><\/p>\n","protected":false},"excerpt":{"rendered":"<p>Aktuell: Die Mobilit\u00e4tschallenge Teil 1: Die Mobilit\u00e4tschallenge: das Familien-Duell &#8222;Unter 5.000 km&#8220; &#8211; Die Ausgangslage; Link Teil 2: Die Mobilit\u00e4tschallenge: das Familien-Duell &#8222;Unter 5.000 km&#8220; &#8211; Start und erste Erfahrungen; Link Transport Weihnachtsbaum: Alle Jahre wieder; Link Teil 3: Die Mobilit\u00e4tschallenge: das Familien-Duell &#8222;Unter 5.000 km&#8220; &#8211; Die Neuen; Link Teil 4: Die Mobilit\u00e4t-Challenge: Das &hellip; <\/p>\n<p class=\"link-more\"><a href=\"https:\/\/klimaandmore.de\/?page_id=2293\" class=\"more-link\"><span class=\"screen-reader-text\">\u201eAlle Berichte\u201c<\/span> weiterlesen<\/a><\/p>\n","protected":false},"author":5,"featured_media":0,"parent":0,"menu_order":0,"comment_status":"closed","ping_status":"closed","template":"","meta":{"spay_email":""},"jetpack_sharing_enabled":true,"jetpack_shortlink":"https:\/\/wp.me\/PaMwRu-AZ","_links":{"self":[{"href":"https:\/\/klimaandmore.de\/index.php?rest_route=\/wp\/v2\/pages\/2293"}],"collection":[{"href":"https:\/\/klimaandmore.de\/index.php?rest_route=\/wp\/v2\/pages"}],"about":[{"href":"https:\/\/klimaandmore.de\/index.php?rest_route=\/wp\/v2\/types\/page"}],"author":[{"embeddable":true,"href":"https:\/\/klimaandmore.de\/index.php?rest_route=\/wp\/v2\/users\/5"}],"replies":[{"embeddable":true,"href":"https:\/\/klimaandmore.de\/index.php?rest_route=%2Fwp%2Fv2%2Fcomments&post=2293"}],"version-history":[{"count":41,"href":"https:\/\/klimaandmore.de\/index.php?rest_route=\/wp\/v2\/pages\/2293\/revisions"}],"predecessor-version":[{"id":3586,"href":"https:\/\/klimaandmore.de\/index.php?rest_route=\/wp\/v2\/pages\/2293\/revisions\/3586"}],"wp:attachment":[{"href":"https:\/\/klimaandmore.de\/index.php?rest_route=%2Fwp%2Fv2%2Fmedia&parent=2293"}],"curies":[{"name":"wp","href":"https:\/\/api.w.org\/{rel}","templated":true}]}}