{"id":2920,"date":"2020-04-02T19:02:43","date_gmt":"2020-04-02T19:02:43","guid":{"rendered":"http:\/\/klimaandmore.de\/?page_id=2920"},"modified":"2020-07-26T20:42:43","modified_gmt":"2020-07-26T20:42:43","slug":"mein-betrag-zur-artenvielfalt","status":"publish","type":"page","link":"https:\/\/klimaandmore.de\/?page_id=2920","title":{"rendered":"Mein Beitrag zur Artenvielfalt"},"content":{"rendered":"\n<p>Der Fr\u00fchling hat begonnen und die Natur erwacht aus ihrem Winterschlaf. An vielen Stellen sprie\u00dfen die bunten Bl\u00fcten hervor, die nach und nach auch von summenden Bienen, Hummeln oder Schmetterlingen besucht werden. Fr\u00f6hliches Vogelgezwitscher begleitet uns auf unseren Spazierg\u00e4ngen in der Natur.<\/p>\n\n\n\n<figure class=\"wp-block-image\"><img decoding=\"async\" loading=\"lazy\" width=\"1024\" height=\"337\" src=\"https:\/\/klimaandmore.de\/wp-content\/uploads\/2020\/05\/Artenvielfalt3-1024x337.png\" alt=\"\" class=\"wp-image-3019\" srcset=\"https:\/\/klimaandmore.de\/wp-content\/uploads\/2020\/05\/Artenvielfalt3-1024x337.png 1024w, https:\/\/klimaandmore.de\/wp-content\/uploads\/2020\/05\/Artenvielfalt3-300x99.png 300w, https:\/\/klimaandmore.de\/wp-content\/uploads\/2020\/05\/Artenvielfalt3-768x252.png 768w\" sizes=\"(max-width: 767px) 89vw, (max-width: 1000px) 54vw, (max-width: 1071px) 543px, 580px\" \/><\/figure>\n\n\n\n<p>Vielleicht habt Ihr Euch die Tage auch schon \u00fcberlegt, Euren Balkon, den (Vor-)Garten, die Hausfassade oder das Dach in eine gr\u00fcne oder bunt-bl\u00fchende Fl\u00e4che zu verwandeln? Dann ran an die Umsetzung! Tipps f\u00fcr die St\u00e4rkung der einheimischen Artenvielfalt findet Ihr in unserem Beitrag zur <a href=\"https:\/\/klimaandmore.de\/?p=1692\">7-Tage-Artenvielfaltkur<\/a> oder im \u201e<a href=\"https:\/\/wir-tun-was-fuer-bienen.de\/files\/media\/broschuere_wir-tun-was-fuer-bienen_einzelseiten.pdf\">Ratgeber<\/a> f\u00fcr bienenfreundliches G\u00e4rtnern\u201c. Wir freuen uns \u00fcber Eure kleinen Berichte (gerne auch als Stichpunkte, die f\u00fcr Sie in einen Flie\u00dftext umwandeln) zur Ver\u00f6ffentlichung an dieser Stelle &#8211; gerne auch mit Fotos (z.B. vorher\/nachher). Egal, ob Ihr ein kleines Fleckchen auf Eurem Balkon, Euren Rasen oder eine Schotterfl\u00e4che verwandelt, jeder Beitrag zur St\u00e4rkung der Artenvielfalt z\u00e4hlt! Wir sind gespannt auf Eure Einsendungen unter susanne.kuehl@klimaandmore.de. Eure Familie K\u00fchl<\/p>\n\n\n\n<hr class=\"wp-block-separator\"\/>\n\n\n\n<p><strong>Familie Steinemann, Ulm-M\u00e4hringen:<\/strong>\u00a0Das Grundst\u00fcck der Familie Steinemann erstreckt sich \u00fcber einen steilen Hang. Um Stabilit\u00e4t in den Garten zu bringen und dem Familiennamen gerecht zu werden, zieren viele <strong>Natursteine<\/strong> den Garten, die dar\u00fcber hinaus \u00fcber und \u00fcber mit Steinwurz-Pflanzen bedeckt sind. Ein Traum f\u00fcr Spinnen und Eidechsen. L\u00e4uft man durch den Garten, entdeckt man \u00fcberall liebevolle Details \u2013 sei es ein gro\u00dfes Insektenhotel, ein grabendes H\u00fcndchen oder selbstgemachte Holzbienen. Egal, zu welcher Jahreszeit man die Familie besucht, <strong>stets bl\u00fcht und duftet es<\/strong>, was nicht nur f\u00fcr Insekten, sondern auch f\u00fcr uns Menschen eine wahre Freude darstellt. Malve, Natternkopf, Kornblume, Mohn, K\u00f6nigskerze \u2013 um nur wenige zu nennen \u2013 haben sich hier von selbst angesiedelt und d\u00fcrfen <strong>wild wachsen<\/strong>. An manchen Stellen ist der angelegte Naturstein-Weg mit Pflanzen eingewachsen, da die Familie es nicht \u00fcbers Herz bringt, Pfl\u00e4nzchen herauszurei\u00dfen. F\u00fcr den eigenen Bedarf hat Frau Steinemann <strong>Salat und Gem\u00fcse in T\u00f6pfen<\/strong> angebaut. Ein Kupferband verhindert den Diebstahl durch Schnecken. Ein paar H\u00fchner sorgen f\u00fcr die Versorgung mit Eiern. Eine Besonderheit sind die vielen Wildv\u00f6gel, die ganzj\u00e4hrig gef\u00fcttert werden \u2013 Stare, Meisen, Spatzen, Buchfinken, Gr\u00fcnfink, Rotkelchen, Specht. Im Winter 2017\/18 hat die Familie sage und schreibe <strong>21 verschiedene Vogelarten<\/strong> in ihrem Garten gez\u00e4hlt. Wer sieht \u00fcbrigens das Rotschw\u00e4nzchen zwischen den \u201eRaben-Eltern\u201c kurz vor seinem Abflug ins Leben? Vom NABU gab es sogar eine Auszeichnung f\u00fcr die Schwalbennester. Bis vor wenigen Jahren zierten viele Geranien die Fenster, die zwar keine Bienen, aber Taubenschw\u00e4nzchen mit Nahrung versorgen. Vielen Dank f\u00fcr den Einblick in den bl\u00fchenden Garten mit den vielen wilden Ecken, was f\u00fcr den Erhalt unserer Artenvielfalt so wichtig ist. (26. Juli 2020)<\/p>\n\n\n\n<figure class=\"wp-block-image\"><img decoding=\"async\" loading=\"lazy\" width=\"1024\" height=\"752\" src=\"https:\/\/klimaandmore.de\/wp-content\/uploads\/2020\/07\/Steinemann-1024x752.png\" alt=\"\" class=\"wp-image-3220\" srcset=\"https:\/\/klimaandmore.de\/wp-content\/uploads\/2020\/07\/Steinemann-1024x752.png 1024w, https:\/\/klimaandmore.de\/wp-content\/uploads\/2020\/07\/Steinemann-300x220.png 300w, https:\/\/klimaandmore.de\/wp-content\/uploads\/2020\/07\/Steinemann-768x564.png 768w, https:\/\/klimaandmore.de\/wp-content\/uploads\/2020\/07\/Steinemann.png 2000w\" sizes=\"(max-width: 767px) 89vw, (max-width: 1000px) 54vw, (max-width: 1071px) 543px, 580px\" \/><\/figure>\n\n\n\n<hr class=\"wp-block-separator\"\/>\n\n\n\n<p><strong>Moni und Heinz aus Ulm:<\/strong>&nbsp;Wir wohnen in einer kleinen, aber feinen Wohnung in Ulm, zu der auch ein noch kleinerer Balkon geh\u00f6rt. Trotz des eingeschr\u00e4nkten Platzangebots haben wir einen Teil unseres Tisches sowie einen Balkonsims f\u00fcr Insekten-freundliche bl\u00fchende Pflanzen eingerichtet. So erfreuen sowohl wir uns nun t\u00e4glich einerseits an der Farbenpracht und dem Duft der Pflanzen, andererseits am Summen der Bienen und Hummeln. (22. Juli 2020)<\/p>\n\n\n\n<figure class=\"wp-block-image\"><img decoding=\"async\" loading=\"lazy\" width=\"1024\" height=\"396\" src=\"https:\/\/klimaandmore.de\/wp-content\/uploads\/2020\/07\/Gulde-1024x396.png\" alt=\"\" class=\"wp-image-3215\" srcset=\"https:\/\/klimaandmore.de\/wp-content\/uploads\/2020\/07\/Gulde-1024x396.png 1024w, https:\/\/klimaandmore.de\/wp-content\/uploads\/2020\/07\/Gulde-300x116.png 300w, https:\/\/klimaandmore.de\/wp-content\/uploads\/2020\/07\/Gulde-768x297.png 768w\" sizes=\"(max-width: 767px) 89vw, (max-width: 1000px) 54vw, (max-width: 1071px) 543px, 580px\" \/><\/figure>\n\n\n\n<hr class=\"wp-block-separator\"\/>\n\n\n\n<p><strong>Familie Haas aus Blaustein-Weidach:<\/strong>&nbsp;An diesem Wochenende besuchten wir erneut wundervolle artenreiche G\u00e4rten in Weidach, die G\u00e4rten der Familie Haas. Die erste Besonderheit fand sich im Garten beim Wohnhaus unter einem Baum: Ein reiches Vorkommen des<strong>&nbsp;Wei\u00dfen Waldv\u00f6geleins,&nbsp;<\/strong>eine heimische Orchidee. Diese hat sich hier selbst angesiedelt, da sie optimale Wachstumsbedingungen vorfand: Ein naturbelassenes schattiges Eckchen im Garten, unter einer gro\u00dfen Hainbuche, der Boden mit Moos bedeckt. Das zweite Highlight fand sich im Krautgarten au\u00dferhalb und dort im Gew\u00e4chshaus in der Erde. Wer kennt die&nbsp;<strong>trichterf\u00f6rmigen Mulden im Boden<\/strong>? Wer wei\u00df, welches nie sichtbare Tier sich dort eingenistet hat und diese Mulden baut? Frau Haas erf\u00e4hrt vom NABU: Das sind die Ameisenl\u00f6wen, eine Entwicklungsstufe zur Ameisenjungfer. Sie bauen diese Fangtrichter, damit kleine Tierchen wie Ameisen oder Spinnen dort hineinlaufen. Einmal hineingeraten hat der Ameisenl\u00f6we Tricks, damit die Tierchen nicht mehr entkommen k\u00f6nnen und er seine Beute dann verspeisen kann. Zum Garten geh\u00f6rt eine gro\u00dfe, wildbl\u00fctenreiche magere Streuobstwiese, die nur teilweise hin und wieder mit der Sense abgem\u00e4ht wird, um den Insekten und anderen Tieren einen Lebensraum zu bieten. Im Selbstversorger Gem\u00fcsegarten finden sich neben Tomaten, Salaten, Erdbeeren und Kartoffeln verschiedene Kr\u00e4uter, Pfefferminzsorten, Tafeltrauben, Beeren und Rosen, deren Bl\u00fcten ebenfalls den Insekten als Nahrung dienen. Eine Vielzahl spezieller Stauden und Wildblumen wurden als Nahrungs- und Nektarpflanzen f\u00fcr Schmetterlinge, Bienen und Hummeln extra angepflanzt. Zum Beispiel gibt es die Nachtviole und die Nachtkerze f\u00fcr nachtaktive Insekten, <strong>damit f\u00fcr alle Besucher gut gesorgt ist<\/strong>. Unter anderem werden Pflanzen, die sich selbst ansiedeln, wie ein Marienk\u00e4fermohn, geduldet. Im Gartenhaus d\u00fcrfen seit Jahren Hornissen ihr Nest bauen. In diesem Jahr nistete sich dort sogar ein Hummelvolk ein. Selbstverst\u00e4ndlich gibt es im Garten auch Altholz, einen Steinhaufen, Vogelnistk\u00e4sten und eine Vogeltr\u00e4nke. Schnecken werden im Garten von Natur aus in Grenzen gehalten, da es dort Blindschleichen und Eidechsen gibt. Auch wird hin und wieder getrockneter Kaffeesatz zu den Pflanzen gestreut &#8211; dieser h\u00e4lt Schnecken ab und wirkt mild als D\u00fcnger. Wenn es geht, l\u00e4sst Frau Haas die L\u00e4use an bestimmten Pflanzen leben, so dass die N\u00fctzlinge auch Futter vorfinden. Frau Haas liebt die t\u00e4gliche Gartenarbeit, bei der sie von der Familie ihres Sohnes unterst\u00fctzt wird.&nbsp;<strong>So bringt sie Entspannung und Sport in Einklang.<\/strong>&nbsp;Zum Abschied bekamen wir noch einen frisch geschleuderten Bl\u00fctenhonig von den Bienen des Schwagers geschenkt. Vielen Dank!<\/p>\n\n\n\n<figure class=\"wp-block-image\"><img decoding=\"async\" loading=\"lazy\" width=\"1024\" height=\"818\" src=\"https:\/\/klimaandmore.de\/wp-content\/uploads\/2020\/06\/Haas-1-1024x818.png\" alt=\"\" class=\"wp-image-3118\" srcset=\"https:\/\/klimaandmore.de\/wp-content\/uploads\/2020\/06\/Haas-1-1024x818.png 1024w, https:\/\/klimaandmore.de\/wp-content\/uploads\/2020\/06\/Haas-1-300x240.png 300w, https:\/\/klimaandmore.de\/wp-content\/uploads\/2020\/06\/Haas-1-768x613.png 768w\" sizes=\"(max-width: 767px) 89vw, (max-width: 1000px) 54vw, (max-width: 1071px) 543px, 580px\" \/><\/figure>\n\n\n\n<hr class=\"wp-block-separator\"\/>\n\n\n\n<p><strong>Ursula und Peter aus Unterweiler:&nbsp;<\/strong>Im Zuge eines Neubaus haben wir im Jahr 2016 begonnen, auch unseren Garten um das Haus herum umzugestalten. Vom alten Garten ist nur der imposante gro\u00dfe, alte Apfelbaum in der Mitte stehen geblieben.&nbsp;Mit hoher Motivation haben wir den alten Garten aus Rasen, einer gewaltigen Fichte (die eines Tages der Weihnachtsbaum in Wiblingen wurde) und wenigen Stauden innerhalb von vier Jahren in einen naturnaher Garten umgewandelt, in welchem verschiedene Bereiche zum Schauen und Staunen einladen. Im alten Apfelbaum werden jedes Jahr einige Stare fl\u00fcgge. Darunter befindet sich ein schattiger Sitzplatz f\u00fcr uns. Weiterhin finden sich \u00fcberall unterschiedliche K\u00e4sten f\u00fcr Gartenv\u00f6gel, Mehlschwalben, Flederm\u00e4use, Hummeln und Florfliegen. Auf einem Streifen befindet sich der Nutzgarten, in dem aber auch Margeriten und Akelei bl\u00fchen d\u00fcrfen. Ebenso kann sich zwischen den mehrj\u00e4hrigen Stauden auch mal ein K\u00fcrbis ausbreiten.&nbsp;Hinter dem Gew\u00e4chshaus, in dem Tomaten, Gurken und Peperoni gedeihen, entwickelt sich derzeit ein Beerengarten. Gew\u00fcrze sind vorwiegend auf dem Hochbeet. S\u00e4mtliche Gartenabf\u00e4lle werden auf dem Kompost gesammelt und ergeben beste Komposterde.&nbsp;Farne, Gr\u00e4ser und \u00fcberwiegend wei\u00df bl\u00fchende Stauden sind im schattigen Teil des Gartens zu entdecken.&nbsp;Auch Disteln und Brennnesseln d\u00fcrfen am Rande unseres Gartens wachsen und locken Distelfinke und Tagpfauenaugen an.&nbsp;Zwei selbst gebaute Insektenhotels haben ganzj\u00e4hrig f\u00fcr zahlreiche Bienen ge\u00f6ffnet. Nach der \u00d6ffnung waren innerhalb weniger Tage die ersten Zimmer belegt und &#8222;zugemauert&#8220;. Auch auf dem Dach des Ger\u00e4teschuppens bl\u00fcht es durch die extensive Dachbegr\u00fcnung.&nbsp;<strong>Insgesamt lockt die Vielfalt der hier bl\u00fchenden Pflanzen jede Menge Insekten und damit auch andere Tiere wie V\u00f6gel an!<\/strong> (23. Mai 2020)<\/p>\n\n\n\n<figure class=\"wp-block-image\"><img decoding=\"async\" loading=\"lazy\" width=\"1024\" height=\"972\" src=\"https:\/\/klimaandmore.de\/wp-content\/uploads\/2020\/05\/Ursula_Peter-1024x972.png\" alt=\"\" class=\"wp-image-3079\" srcset=\"https:\/\/klimaandmore.de\/wp-content\/uploads\/2020\/05\/Ursula_Peter-1024x972.png 1024w, https:\/\/klimaandmore.de\/wp-content\/uploads\/2020\/05\/Ursula_Peter-300x285.png 300w, https:\/\/klimaandmore.de\/wp-content\/uploads\/2020\/05\/Ursula_Peter-768x729.png 768w\" sizes=\"(max-width: 767px) 89vw, (max-width: 1000px) 54vw, (max-width: 1071px) 543px, 580px\" \/><\/figure>\n\n\n\n<hr class=\"wp-block-separator\"\/>\n\n\n\n<p><strong>Familie W\u00e4ckerle aus Blaustein-Weidach:<\/strong>&nbsp;Auch heute waren wir wieder unterwegs auf unserer Mission \u201eFinde den artenreichsten Garten&#8230;\u201c. Heute ging\u00b4s &#8211; wieder zu Fu\u00df &#8211; nach Weidach. Eingeladen waren wie in einen verwunschenen Garten, in welchem es neben zahlreichen Pflanzen auch viele andere Dinge zu entdecken gab. <strong>Wer findet zum Beispiel das Fahrrad, wer sieht das Hufeisen, wer die drei von Moos bedeckten Holzschuhe?<\/strong> So gab es einerseits einen toll angelegten Steingarten, einen gro\u00dfen Bauerngarten mit Gem\u00fcse und Obst sowie mehrere kleine Beete mit Gew\u00fcrzen zu bestaunen. Die Buchsumrandung wurde dieses Jahr durch insektenfreundlichen Lavendel ersetzt. Pflanzen und Gem\u00fcse werden auch gerne mal mit den Nachbarn getauscht, so die Aussage. Das Highlight f\u00fcr unsere Kinder war der Teich mit Br\u00fccke und Zaun \u2013 ehemals angelegt f\u00fcr die Laufenten, die inzwischen jedoch ein anderes Zuhause gefunden haben. Die begr\u00fcnte Hausfassade bietet viele Nistm\u00f6glichkeiten f\u00fcr V\u00f6gel, ben\u00f6tigt aber, wie das Ehepaar erz\u00e4hlt, alle paar Jahre einen professionellen R\u00fcckschnitt. <strong>Das fr\u00f6hliche Vogelgezwitscher jedoch macht alles wieder wett&#8230;<\/strong>&nbsp;(17. Mai 2020)<\/p>\n\n\n\n<figure class=\"wp-block-image\"><img decoding=\"async\" loading=\"lazy\" width=\"1024\" height=\"617\" src=\"https:\/\/klimaandmore.de\/wp-content\/uploads\/2020\/05\/Rieger-1024x617.png\" alt=\"\" class=\"wp-image-3051\" srcset=\"https:\/\/klimaandmore.de\/wp-content\/uploads\/2020\/05\/Rieger-1024x617.png 1024w, https:\/\/klimaandmore.de\/wp-content\/uploads\/2020\/05\/Rieger-300x181.png 300w, https:\/\/klimaandmore.de\/wp-content\/uploads\/2020\/05\/Rieger-768x462.png 768w\" sizes=\"(max-width: 767px) 89vw, (max-width: 1000px) 54vw, (max-width: 1071px) 543px, 580px\" \/><\/figure>\n\n\n\n<hr class=\"wp-block-separator\"\/>\n\n\n\n<p><strong>Familie M. aus Blaustein-Herrlingen:<\/strong>&nbsp;Heute waren wir eingeladen, den zauberhaften Garten von Ehepaar M. zu bestaunen. Dieser ist best\u00fcckt mit unz\u00e4hligen B\u00e4umen, Str\u00e4uchern und Blumen, die \u00fcber das ganze Jahr verteilt im Wechsel in der Bl\u00fcte stehen. So hat die Familie zu jeder Jahreszeit Freude an ihrem eigens liebevoll gestalteten Garten. Die hei\u00dfen Sommer genie\u00dft das Paar unter dem Blauregen, durch den nur zarte Sonnenstrahlen die Terrasse erreichen. Und auch heute noch, <strong>mit gut 80 Jahren pflegt das Paar seinen Garten selbst.<\/strong> Unsere Kinder tobten mit ihren Steckenpferden Runde f\u00fcr Runde ums Haus und entdeckten immer wieder neue \u201eGeheimwege\u201c \u2013 welch Spa\u00df! <strong>Aber seht selbst, was innerhalb von 38 Jahren alles entstehen kann!<\/strong>&nbsp;(15. Mai 2020)<\/p>\n\n\n\n<figure class=\"wp-block-image\"><img decoding=\"async\" loading=\"lazy\" width=\"1024\" height=\"885\" src=\"https:\/\/klimaandmore.de\/wp-content\/uploads\/2020\/05\/Meyner-1024x885.png\" alt=\"\" class=\"wp-image-3023\" srcset=\"https:\/\/klimaandmore.de\/wp-content\/uploads\/2020\/05\/Meyner-1024x885.png 1024w, https:\/\/klimaandmore.de\/wp-content\/uploads\/2020\/05\/Meyner-300x259.png 300w, https:\/\/klimaandmore.de\/wp-content\/uploads\/2020\/05\/Meyner-768x664.png 768w\" sizes=\"(max-width: 767px) 89vw, (max-width: 1000px) 54vw, (max-width: 1071px) 543px, 580px\" \/><\/figure>\n\n\n\n<hr class=\"wp-block-separator\"\/>\n\n\n\n<p><strong>Familie S., Blaustein-Arnegg:&nbsp;<\/strong>Unsere 4-k\u00f6pfige Patchwork-Familie wohnt seit ca. einem Jahr zur Miete in Blaustein. Hier geh\u00f6rt ein kleiner Garten dazu. Auch wenn der Garten nicht unser eigener ist, m\u00f6chten wir dennoch einen Beitrag zur Artenvielfalt leisten. Unser Ziel ist es, mit&nbsp;<strong>unseren Kindern gemeinsam etwas f\u00fcr die Natur tun<\/strong>  und durch Insekten-freundliches Pflanzen im Garten mit der Natur eins zu werden. So haben wir in den letzten Wochen einige dauerbl\u00fchende Bodendecker und viele bunt-duftende Blumen gepflanzt. Einige davon in T\u00f6pfen, damit wir auch die versiegelten Stellen des Gartens f\u00fcr diesen Zweck nutzen. Auf unserer Terrasse ziehen wir derzeit einige Tomaten hoch, die bald in gr\u00f6\u00dfere T\u00f6pfe umgepflanzt werden.&nbsp;<strong>Nun erfreuen wir uns t\u00e4glich an den neu erbl\u00fchten Stellen und beobachten das rege Treiben im Garten wie beispielsweise die Schmetterlinge im Flieder.<\/strong> (13. Mai 2020)<\/p>\n\n\n\n<figure class=\"wp-block-image\"><img decoding=\"async\" loading=\"lazy\" width=\"1024\" height=\"697\" src=\"https:\/\/klimaandmore.de\/wp-content\/uploads\/2020\/05\/sarah-1024x697.png\" alt=\"\" class=\"wp-image-3009\" srcset=\"https:\/\/klimaandmore.de\/wp-content\/uploads\/2020\/05\/sarah-1024x697.png 1024w, https:\/\/klimaandmore.de\/wp-content\/uploads\/2020\/05\/sarah-300x204.png 300w, https:\/\/klimaandmore.de\/wp-content\/uploads\/2020\/05\/sarah-768x523.png 768w, https:\/\/klimaandmore.de\/wp-content\/uploads\/2020\/05\/sarah.png 1755w\" sizes=\"(max-width: 767px) 89vw, (max-width: 1000px) 54vw, (max-width: 1071px) 543px, 580px\" \/><\/figure>\n\n\n\n<hr class=\"wp-block-separator\"\/>\n\n\n\n<p><strong>Familie D., Aufheim:&nbsp;<\/strong>Wir haben nur einen kleinen Garten. Unser Ziel war es, einen Nutz- und Ziergarten zu schaffen, in dem sich Menschen und Tiere wohlf\u00fchlen. Das&nbsp;<strong>gemauerte Hochbeet<\/strong>&nbsp;nutzen wir haupts\u00e4chlich als Kr\u00e4uterbeet. Wir haben uns f\u00fcr ein Hochbeet entschieden, da das r\u00fcckenschonend ist und weiterhin die Zaunwinde in unserem Garten die Kr\u00e4uter \u00fcberwuchern w\u00fcrde. Zudem speichern Hochbeete \u2013 insbesondere, wenn sie gemauert sind &#8211; sehr gut die W\u00e4rme, die sie \u00fcber Nacht an die Pflanzen abgeben. Kr\u00e4uter lieben das. Die meisten unserer Kr\u00e4uter sind winterhart. Wir haben Bohnenkraut, Rosmarin, Liebst\u00f6ckel, franz\u00f6sischen Estragon, Thymian, Petersilie, Schnittlauch und Melisse gepflanzt. Die Hugo-Minze steht in einem extra Topf auf dem Hochbeet, da sie sonst das ganze Beet zuwuchert. An einj\u00e4hrigen Kr\u00e4utern, die nicht winterhart sind, haben wir Currykraut, Olivenkraut und Majoran. Borretsch und Ringelblumen haben wir im letzten Jahr selber ausges\u00e4t und sie kommen wieder. Wir haben auch noch zwei Zucchini hinzu gepflanzt, die w\u00fcrden uns in den kleinen Gew\u00e4chsh\u00e4usern zu viel Platz wegnehmen. Wir sind sehr gespannt, ob dieses Experiment gl\u00fcckt. Alles in allem haben sowohl die Insekten, als auch wir Freude am Hochbeet. Die&nbsp;<strong>kleinen Gew\u00e4chsh\u00e4user<\/strong>&nbsp;haben wir gew\u00e4hlt, damit wir fr\u00fcher mit dem Anbau von Tomaten, Gurken, Basilikum, Paprika, Auberginen, Salat und Lauchzwiebeln beginnen k\u00f6nnen. So haben wir eine fr\u00fchere und auch l\u00e4nger Ernte. Im Herbst letzten Jahres haben wir nochmal Salat ausgepflanzt, der den ganzen Winter \u00fcberlebt und uns mit frischem Gr\u00fcn versorgt hat. Teilweise \u00fcberwintern in den kleinen Gew\u00e4chsh\u00e4usern auch einige Kr\u00e4uter wie zum Beispiel Zitronenverbene. Den anderen Teil unseres Gartens bekleiden&nbsp;<strong>Zierpflanzen, Insektenhotels und Altholz<\/strong>, so dass sowohl Insekten und V\u00f6gel, als auch wir das Wetter und die Natur genie\u00dfen k\u00f6nnen.&nbsp;(21. April 2020)<\/p>\n\n\n\n<figure class=\"wp-block-image\"><img decoding=\"async\" loading=\"lazy\" width=\"1024\" height=\"632\" src=\"https:\/\/klimaandmore.de\/wp-content\/uploads\/2020\/04\/Dietmann-1024x632.png\" alt=\"\" class=\"wp-image-2989\" srcset=\"https:\/\/klimaandmore.de\/wp-content\/uploads\/2020\/04\/Dietmann-1024x632.png 1024w, https:\/\/klimaandmore.de\/wp-content\/uploads\/2020\/04\/Dietmann-300x185.png 300w, https:\/\/klimaandmore.de\/wp-content\/uploads\/2020\/04\/Dietmann-768x474.png 768w\" sizes=\"(max-width: 767px) 89vw, (max-width: 1000px) 54vw, (max-width: 1071px) 543px, 580px\" \/><\/figure>\n\n\n\n<hr class=\"wp-block-separator\"\/>\n\n\n\n<p><strong>Liebe Gartenfreunde<\/strong>, ein <strong>Balkon<\/strong> ist nun mal keine nat\u00fcrliche Fl\u00e4che und \u00fcblicherweise kein Ort f\u00fcr Nutzpflanzen, deshalb wollte ich Natur genau dorthin bringen und zwar nicht nur mit Zier- sondern auch mit n\u00fctzlichen Pflanzen. Ich habe schon seit meiner Kindheit riesengro\u00dfen Spa\u00df beim G\u00e4rteln, deshalb sollte auch unser Balkon ein bisschen Garten Feeling verspr\u00fchen. <strong>Zu den Eckdaten unseres Balkons:<\/strong> Er hat 8 qm und befindet sich im Norden unserer Wohnung, weshalb sich nicht alle Pflanzen zum Anpflanzen eignen. Nach dem Winter ist er noch sehr spartanisch. Gl\u00fccklicherweise konnte ich in meinem Hochbeet einige Kr\u00e4uter wie Estragon, Majoran, Schnittlauch, Liebst\u00f6ckel und Minze vom Vorjahr \u00fcberwintern. Der Balkon ist kein nat\u00fcrliches Habitat und bietet leider auch nur begrenzt Platz, man muss auch auf die Traglast des Balkons und die Hausordnung des Vermieters achten. Nichtsdestotrotz wollte ich f\u00fcr den Sommer mehr Vielfalt auf die kleine Fl\u00e4che bringen und hier davon berichten. <strong>Was ist noch alles geplant?<\/strong> Ich werde Versteckm\u00f6glichkeiten f\u00fcr Insekten schaffen, bl\u00fchende Blumen und Kr\u00e4uter auf dem Fenstersims anpflanzen und Blumenk\u00e4sten anbringen. Das war so gesehen das Vorher\u2026 In einem weiteren Beitrag in ein paar Wochen werde ich Euch nochmal ein Update geben :). Liebe Gr\u00fc\u00dfe <strong>Ernestine aus Ulm<\/strong> (14. April 2020)<\/p>\n\n\n\n<figure class=\"wp-block-image\"><img decoding=\"async\" loading=\"lazy\" width=\"980\" height=\"674\" src=\"https:\/\/klimaandmore.de\/wp-content\/uploads\/2020\/04\/Balkon_ET.jpeg\" alt=\"\" class=\"wp-image-2982\" srcset=\"https:\/\/klimaandmore.de\/wp-content\/uploads\/2020\/04\/Balkon_ET.jpeg 980w, https:\/\/klimaandmore.de\/wp-content\/uploads\/2020\/04\/Balkon_ET-300x206.jpeg 300w, https:\/\/klimaandmore.de\/wp-content\/uploads\/2020\/04\/Balkon_ET-768x528.jpeg 768w\" sizes=\"(max-width: 767px) 89vw, (max-width: 1000px) 54vw, (max-width: 1071px) 543px, 580px\" \/><\/figure>\n\n\n\n<hr class=\"wp-block-separator\"\/>\n\n\n\n<p><strong>Susanne Holzapfel, Oberroth:<\/strong>&nbsp;Wer einen Garten hat, kann Gl\u00fcck empfinden beim Anblick der selbst gestalteten Fl\u00e4che. Wer die Natur bei der Gestaltung mitwirken l\u00e4sst, hat weniger Arbeit, und mehr Vielfalt. Darum enth\u00e4lt mein Garten eine Fl\u00e4che mit Efeu und Giersch, wo kleine H\u00e4uschenschnecken sich vermehren. Die Gartenschnirkelschnecken sind der Zwischenwirt f\u00fcr die Vermehrung der Gl\u00fchw\u00fcrmchen. Im Juni fliegen diese in lauen N\u00e4chten \u00fcber meine Veranda. In einem \u201eordentlichen\u201c Garten gibt es sie nicht.&nbsp;Bei mir stehen auch alte B\u00e4ume herum, mit abgestorbenem Holz, L\u00f6chern, Baumpilzen. Ein Baum wird als Lebensraum f\u00fcr Insekten erst mit Totholz richtig wertvoll. Es freuen sich dann Schlupfwespen, K\u00e4fer, Ameisen, Hornissen, Wildbienen und andere. Zum Beispiel Spechte und Kleiber. Wenn \u00fcbrigens Sturm bl\u00e4st und etwas herabfallen k\u00f6nnte, ist niemand im Garten, es ist also ungef\u00e4hrlich, bei gen\u00fcgend Platz solche B\u00e4ume zu haben.&nbsp;Ich m\u00e4he auch nicht st\u00e4ndig alle Fl\u00e4chen. Dadurch habe ich Buschwindr\u00f6schen und Lerchensporn, Schl\u00fcsselblumen und Haselwurz, Lungenkraut und Brennnesseln, letztere sind bekannte Heilpflanzen. Im Ziegel-Haufen, der schon seit ich den Garten besitze, unter einer Buche liegt, leben Hummeln. H\u00e4tt ich die Ziegel weg, wo f\u00e4nden sie ein Zuhause? Meine Familie und unsere Freunde lieben den Garten so wie er ist. Lebendig, nat\u00fcrlich, romantisch und belebt.&nbsp;<strong>Der Garten verschafft uns Gl\u00fccksgef\u00fchle, immer wieder<\/strong>.&nbsp;(6. April 2020)<\/p>\n\n\n\n<figure class=\"wp-block-image\"><img decoding=\"async\" loading=\"lazy\" width=\"1024\" height=\"580\" src=\"https:\/\/klimaandmore.de\/wp-content\/uploads\/2020\/05\/Susanne-1024x580.png\" alt=\"\" class=\"wp-image-3007\" srcset=\"https:\/\/klimaandmore.de\/wp-content\/uploads\/2020\/05\/Susanne-1024x580.png 1024w, https:\/\/klimaandmore.de\/wp-content\/uploads\/2020\/05\/Susanne-300x170.png 300w, https:\/\/klimaandmore.de\/wp-content\/uploads\/2020\/05\/Susanne-768x435.png 768w\" sizes=\"(max-width: 767px) 89vw, (max-width: 1000px) 54vw, (max-width: 1071px) 543px, 580px\" \/><\/figure>\n\n\n\n<hr class=\"wp-block-separator\"\/>\n","protected":false},"excerpt":{"rendered":"<p>Der Fr\u00fchling hat begonnen und die Natur erwacht aus ihrem Winterschlaf. An vielen Stellen sprie\u00dfen die bunten Bl\u00fcten hervor, die nach und nach auch von summenden Bienen, Hummeln oder Schmetterlingen besucht werden. Fr\u00f6hliches Vogelgezwitscher begleitet uns auf unseren Spazierg\u00e4ngen in der Natur. Vielleicht habt Ihr Euch die Tage auch schon \u00fcberlegt, Euren Balkon, den (Vor-)Garten, &hellip; <\/p>\n<p class=\"link-more\"><a href=\"https:\/\/klimaandmore.de\/?page_id=2920\" class=\"more-link\"><span class=\"screen-reader-text\">\u201eMein Beitrag zur Artenvielfalt\u201c<\/span> weiterlesen<\/a><\/p>\n","protected":false},"author":4,"featured_media":0,"parent":0,"menu_order":0,"comment_status":"closed","ping_status":"closed","template":"","meta":{"spay_email":""},"jetpack_sharing_enabled":true,"jetpack_shortlink":"https:\/\/wp.me\/PaMwRu-L6","_links":{"self":[{"href":"https:\/\/klimaandmore.de\/index.php?rest_route=\/wp\/v2\/pages\/2920"}],"collection":[{"href":"https:\/\/klimaandmore.de\/index.php?rest_route=\/wp\/v2\/pages"}],"about":[{"href":"https:\/\/klimaandmore.de\/index.php?rest_route=\/wp\/v2\/types\/page"}],"author":[{"embeddable":true,"href":"https:\/\/klimaandmore.de\/index.php?rest_route=\/wp\/v2\/users\/4"}],"replies":[{"embeddable":true,"href":"https:\/\/klimaandmore.de\/index.php?rest_route=%2Fwp%2Fv2%2Fcomments&post=2920"}],"version-history":[{"count":34,"href":"https:\/\/klimaandmore.de\/index.php?rest_route=\/wp\/v2\/pages\/2920\/revisions"}],"predecessor-version":[{"id":3222,"href":"https:\/\/klimaandmore.de\/index.php?rest_route=\/wp\/v2\/pages\/2920\/revisions\/3222"}],"wp:attachment":[{"href":"https:\/\/klimaandmore.de\/index.php?rest_route=%2Fwp%2Fv2%2Fmedia&parent=2920"}],"curies":[{"name":"wp","href":"https:\/\/api.w.org\/{rel}","templated":true}]}}