{"id":768,"date":"2019-03-13T19:25:45","date_gmt":"2019-03-13T19:25:45","guid":{"rendered":"http:\/\/klimaandmore.de\/?page_id=768"},"modified":"2019-11-16T15:59:25","modified_gmt":"2019-11-16T15:59:25","slug":"institutionen-berichten","status":"publish","type":"page","link":"https:\/\/klimaandmore.de\/?page_id=768","title":{"rendered":"Institutionen berichten"},"content":{"rendered":"\n<p>In diesem Bereich sammeln wir individuellen Erfahrungen und Erfolge von <strong>Institutionen<\/strong>. Schreibt uns einfach eine E-Mail (susanne.kuehl@klimaandmore.de) und wir stellen Eure Texte hier online. Wir freuen uns auf Eure Beitr\u00e4ge &#8211; jeder ist klasse und wichtig! <\/p>\n\n\n\n<p>Eure Familie K\u00fchl<\/p>\n\n\n\n<p><strong>Helmut Scharpf, Initiator der lokalen Mitfahrzentrale\u00a0<\/strong><a href=\"http:\/\/www.ottobeuren-macht-mobil.de\/\"><strong>www.ottobeuren-macht-mobil.de<\/strong><\/a><strong>: <\/strong>Unser neues regionales Mitfahr-Angebot \u201eOttobeuren-macht-mobil.de\u201c ging Ende Oktober 2019 online. Ziel ist es, m\u00f6glichst viele Kurzstrecken-Kilometer dadurch einzusparen, dass man gemeinsam statt alleine f\u00e4hrt. Gemeinsam zum Einkaufen, zu Veranstaltungen, zum Arbeiten. Dazu gibt es einen Fahrplan, in den jeder seine Fahrangebote oder Mitfahrgesuche eintragen kann. Gleich in den ersten beiden Wochen haben 204 registrierte Teilnehmer insgesamt 652 Kilometer eingespart. Hochgerechnet auf ein Jahr w\u00e4ren das bislang knapp 17.000 Kilometer alleine f\u00fcr Ottobeuren und Umgebung. Jeder kann kostenlos auf\u00a0<a href=\"http:\/\/www.ottobeuren-macht-mobil.de\/\">www.ottobeuren-macht-mobil.de<\/a>\u00a0mitmachen. <strong>Das Besondere:<\/strong> Von dem Mitfahr-Angebot profitieren nicht nur Umwelt und Verkehr, sondern auch die \u00f6rtlichen Vereine. Das vorgeschlagene Mitfahr-Entgelt von 1 Euro pro angefangene 10 Kilometer spenden die Fahrer am Ende eines Jahres freiwillig an einen Verein ihrer Wahl. Bislang haben sich 22 Ottobeurer Vereine sowie der gr\u00f6\u00dfte Arbeitgeber am Ort in die Auswahlliste aufnehmen lassen. Jetzt w\u00e4re es nat\u00fcrlich wichtig, dass m\u00f6glichst viele andere Landkreise mitmachen. Denn Mitfahrm\u00f6glichkeiten von Ulm nach Berlin gibt es einige. Doch wie sieht es aus, wenn jemand zu den benachbarten Kommunen oder Landkreisen muss? Wir freuen uns \u00fcber jeden neuen Landkreis und jeden neuen Mitfahrer! Gef\u00f6rdert wird das Projekt durch das Bayrische Staatsministerium f\u00fcr Ern\u00e4hrung, Landwirtschaft und Forsten und den Europ\u00e4ischen Landwirtschaftsfonds f\u00fcr die Entwicklung des l\u00e4ndlichen Raums.<\/p>\n\n\n\n<div class=\"wp-block-image\"><figure class=\"aligncenter is-resized\"><img decoding=\"async\" loading=\"lazy\" src=\"https:\/\/klimaandmore.de\/wp-content\/uploads\/2019\/11\/Bildschirmfoto-2019-11-16-um-16.58.24.png\" alt=\"\" class=\"wp-image-2145\" width=\"175\" height=\"156\" srcset=\"https:\/\/klimaandmore.de\/wp-content\/uploads\/2019\/11\/Bildschirmfoto-2019-11-16-um-16.58.24.png 510w, https:\/\/klimaandmore.de\/wp-content\/uploads\/2019\/11\/Bildschirmfoto-2019-11-16-um-16.58.24-300x267.png 300w\" sizes=\"(max-width: 175px) 100vw, 175px\" \/><\/figure><\/div>\n\n\n\n<p><strong>Prof. Dr. Thomas Seufferlein, \u00c4rztlicher Direktor der Klinik f\u00fcr Innere Medizin I, Universit\u00e4t Ulm:<\/strong> Da mich die Zahlen an weggeworfenen To Go Einwegbecher erschreckt haben, habe ich f\u00fcr alle MitarbeiterInnen der Klinik f\u00fcr Innere Medizin I Mehrwegbecher aus Bambus angeschafft. Dies soll zwei positive Effekte erzielen: Erstens werden hoffentlich kaum noch Einwegbecher bei der Arbeit benutzt und zweitens werden wir alle sensibler im Umgang mit Verpackungsm\u00fcll.<\/p>\n","protected":false},"excerpt":{"rendered":"<p>In diesem Bereich sammeln wir individuellen Erfahrungen und Erfolge von Institutionen. Schreibt uns einfach eine E-Mail (susanne.kuehl@klimaandmore.de) und wir stellen Eure Texte hier online. Wir freuen uns auf Eure Beitr\u00e4ge &#8211; jeder ist klasse und wichtig! Eure Familie K\u00fchl Helmut Scharpf, Initiator der lokalen Mitfahrzentrale\u00a0www.ottobeuren-macht-mobil.de: Unser neues regionales Mitfahr-Angebot \u201eOttobeuren-macht-mobil.de\u201c ging Ende Oktober 2019 online. &hellip; <\/p>\n<p class=\"link-more\"><a href=\"https:\/\/klimaandmore.de\/?page_id=768\" class=\"more-link\"><span class=\"screen-reader-text\">\u201eInstitutionen berichten\u201c<\/span> weiterlesen<\/a><\/p>\n","protected":false},"author":4,"featured_media":0,"parent":0,"menu_order":0,"comment_status":"closed","ping_status":"closed","template":"","meta":{"spay_email":""},"jetpack_sharing_enabled":true,"jetpack_shortlink":"https:\/\/wp.me\/PaMwRu-co","_links":{"self":[{"href":"https:\/\/klimaandmore.de\/index.php?rest_route=\/wp\/v2\/pages\/768"}],"collection":[{"href":"https:\/\/klimaandmore.de\/index.php?rest_route=\/wp\/v2\/pages"}],"about":[{"href":"https:\/\/klimaandmore.de\/index.php?rest_route=\/wp\/v2\/types\/page"}],"author":[{"embeddable":true,"href":"https:\/\/klimaandmore.de\/index.php?rest_route=\/wp\/v2\/users\/4"}],"replies":[{"embeddable":true,"href":"https:\/\/klimaandmore.de\/index.php?rest_route=%2Fwp%2Fv2%2Fcomments&post=768"}],"version-history":[{"count":10,"href":"https:\/\/klimaandmore.de\/index.php?rest_route=\/wp\/v2\/pages\/768\/revisions"}],"predecessor-version":[{"id":2151,"href":"https:\/\/klimaandmore.de\/index.php?rest_route=\/wp\/v2\/pages\/768\/revisions\/2151"}],"wp:attachment":[{"href":"https:\/\/klimaandmore.de\/index.php?rest_route=%2Fwp%2Fv2%2Fmedia&parent=768"}],"curies":[{"name":"wp","href":"https:\/\/api.w.org\/{rel}","templated":true}]}}