{"id":919,"date":"2019-03-28T06:49:41","date_gmt":"2019-03-28T06:49:41","guid":{"rendered":"http:\/\/klimaandmore.de\/?page_id=919"},"modified":"2026-02-12T18:18:22","modified_gmt":"2026-02-12T18:18:22","slug":"aktuelle-termine","status":"publish","type":"page","link":"https:\/\/klimaandmore.de\/?page_id=919","title":{"rendered":"Kommende Termine und aktuelle Angebote"},"content":{"rendered":"\n<p><strong>Kommende Termine<\/strong><\/p>\n\n\n\n<p>Mittwoch, 17. Juni 2026, 18 Uhr, Mittwochsimpulse Verschw\u00f6rhaus Ulm, Vortrag: <strong>Pestizide in Naturgew\u00e4ssern &#8211; sch\u00e4dlich oder nicht?<\/strong> Details folgen<\/p>\n\n\n\n<hr class=\"wp-block-separator has-alpha-channel-opacity\"\/>\n\n\n\n<p>M\u00e4rz-April 2026, vH Akademie Ulm, Vortragsreihe: <strong>Nachhaltigkeit: Wer braucht das noch? <\/strong>Details und Anmeldung <a href=\"https:\/\/www.vh-ulm.de\/vh-programm\/kurs-finder\/detail\/kurs\/vhakademie-nachhaltigkeit-werbrauchtdasnoch\/26F0501801?fbclid=IwY2xjawP652FleHRuA2FlbQIxMABicmlkETBOd1gxVEd1NFdyTUdTMHFXc3J0YwZhcHBfaWQQMjIyMDM5MTc4ODIwMDg5MgABHpyBuDAiYS7nHJ0M0P74KWcV8tgR85vFyRanjVH-n2NlL4SgNSxWGf9FQYh1_aem_OhD3jJSugbQ-ZAsW6SGy7Q\">hier<\/a><\/p>\n\n\n\n<hr class=\"wp-block-separator has-alpha-channel-opacity\"\/>\n\n\n\n<p>Donnerstag, 22. Oktober 2026, Erbach, Vortrag: <strong>Vom Wissen zum Tun: Was brauchen wir, um umweltfreundlich zu handeln?<\/strong> Details folgen<\/p>\n\n\n\n<hr class=\"wp-block-separator has-alpha-channel-opacity\"\/>\n\n\n\n<p><strong>Aktuelle Angebote<\/strong><\/p>\n\n\n\n<p>Aktuell bietet Susanne K\u00fchl folgende Themen &#8211; als Vortr\u00e4ge, Diskussionspartnerin oder individuell gestaltete Workshops &#8211; an: <\/p>\n\n\n\n<p><strong>Thema 1: Glyphosat und andere Pestizide in Naturgew\u00e4ssern \u2013 sch\u00e4dlich oder nicht?<\/strong><\/p>\n\n\n\n<p>Derzeit sind gut 40% aller bekannten Amphibienarten akut vom Aussterben bedroht. Gleichzeitig finden sich in Gew\u00e4sserproben weltweit R\u00fcckst\u00e4nde von Pestiziden, mit denen Amphibien in Kontakt kommen k\u00f6nnen. In einem Vortrag kann unter anderem am Beispiel von Glyphosat aufgezeigt werden, welche Auswirkungen Pestizide auf die embryonale Entwicklung von Kaulquappen haben k\u00f6nnen. Es wird besprochen, wie relevant die in Laborstudien eingesetzte Pestizidkonzentrationen f\u00fcr die Natur sind und ob der Einsatz von Pestiziden ein Grund f\u00fcr das Amphibiensterben sein k\u00f6nnte. Au\u00dferdem wird diskutiert, welche Relevanz diese Daten f\u00fcr den Menschen haben.&nbsp;<\/p>\n\n\n\n<p><strong>Thema 2: Vom Wissen zum Tun: Was brauchen wir, um umweltfreundlich zu handeln?<\/strong><\/p>\n\n\n\n<p>Beim Klimaschutz kommt dem Hochschulsektor eine bedeutende Rolle zu, wobei Bildung f\u00fcr nachhaltige Entwicklung ein Schl\u00fcsselelement darstellt. In einem Vortrag k\u00f6nnen verschiedene Ans\u00e4tze zur Wissenschaftskommunikation und deren Wirksamkeit vorgestellt werden, um u.a. folgende Fragen zu kl\u00e4ren: Hat die Integration von Umweltthemen in die universit\u00e4re Lehre einen Einfluss auf die Haltung Studierender? Welchen Effekt hat ein wissenschaftlicher Vortrag bei einer Zuh\u00f6rerschaft? Wie k\u00f6nnen wir uns f\u00fcr ein umweltbewusstes Handeln begeistern?&nbsp;<\/p>\n\n\n\n<hr class=\"wp-block-separator has-alpha-channel-opacity\"\/>\n\n\n\n<p><strong>Zielgruppe und Dozierende<\/strong><\/p>\n\n\n\n<p>Niveau und Inhalte k\u00f6nnen individuell auf bestimmte Zielgruppen abgestimmt werden. Es handelt sich um ein Weiterbildungsangebot, welches keine Vorkenntnisse in den aufgef\u00fchrten Themen erfordert.&nbsp;<\/p>\n\n\n\n<p>Susanne K\u00fchl ist Biologin, die an der Universit\u00e4t Ulm in Forschung und Lehre aktiv ist und sich dar\u00fcber hinaus seit vielen Jahren im Bereich Bildung f\u00fcr eine nachhaltige Entwicklung (BNE) engagiert. Forschungsschwerpunkts sind einerseits die Untersuchung des&nbsp;Einflusses von Pestiziden auf die Embryonalentwicklung der Kaulquappe und andererseits die Erforschung effektiver Strategien einer gelingenden Umweltkommunikation. Dar\u00fcber hinaus hat sie bereits Auszeichnungen f\u00fcr ihre Lehre und Forschung erhalten.<\/p>\n\n\n\n<p><strong>Kontakt f\u00fcr Anfragen:<\/strong> <a href=\"mailto:susanne.kuehl@uni-ulm.de\">susanne.kuehl@uni-ulm.de<\/a>, 0174 9422937<\/p>\n","protected":false},"excerpt":{"rendered":"<p>Kommende Termine Mittwoch, 17. Juni 2026, 18 Uhr, Mittwochsimpulse Verschw\u00f6rhaus Ulm, Vortrag: Pestizide in Naturgew\u00e4ssern &#8211; sch\u00e4dlich oder nicht? Details folgen M\u00e4rz-April 2026, vH Akademie Ulm, Vortragsreihe: Nachhaltigkeit: Wer braucht das noch? Details und Anmeldung hier Donnerstag, 22. Oktober 2026, Erbach, Vortrag: Vom Wissen zum Tun: Was brauchen wir, um umweltfreundlich zu handeln? Details folgen &hellip; <\/p>\n<p class=\"link-more\"><a href=\"https:\/\/klimaandmore.de\/?page_id=919\" class=\"more-link\"><span class=\"screen-reader-text\">\u201eKommende Termine und aktuelle Angebote\u201c<\/span> weiterlesen<\/a><\/p>\n","protected":false},"author":4,"featured_media":0,"parent":0,"menu_order":0,"comment_status":"closed","ping_status":"closed","template":"","meta":{"spay_email":""},"jetpack_sharing_enabled":true,"jetpack_shortlink":"https:\/\/wp.me\/PaMwRu-eP","_links":{"self":[{"href":"https:\/\/klimaandmore.de\/index.php?rest_route=\/wp\/v2\/pages\/919"}],"collection":[{"href":"https:\/\/klimaandmore.de\/index.php?rest_route=\/wp\/v2\/pages"}],"about":[{"href":"https:\/\/klimaandmore.de\/index.php?rest_route=\/wp\/v2\/types\/page"}],"author":[{"embeddable":true,"href":"https:\/\/klimaandmore.de\/index.php?rest_route=\/wp\/v2\/users\/4"}],"replies":[{"embeddable":true,"href":"https:\/\/klimaandmore.de\/index.php?rest_route=%2Fwp%2Fv2%2Fcomments&post=919"}],"version-history":[{"count":610,"href":"https:\/\/klimaandmore.de\/index.php?rest_route=\/wp\/v2\/pages\/919\/revisions"}],"predecessor-version":[{"id":4675,"href":"https:\/\/klimaandmore.de\/index.php?rest_route=\/wp\/v2\/pages\/919\/revisions\/4675"}],"wp:attachment":[{"href":"https:\/\/klimaandmore.de\/index.php?rest_route=%2Fwp%2Fv2%2Fmedia&parent=919"}],"curies":[{"name":"wp","href":"https:\/\/api.w.org\/{rel}","templated":true}]}}