{"id":922,"date":"2019-03-28T06:50:08","date_gmt":"2019-03-28T06:50:08","guid":{"rendered":"http:\/\/klimaandmore.de\/?page_id=922"},"modified":"2023-10-07T03:20:37","modified_gmt":"2023-10-07T03:20:37","slug":"presse","status":"publish","type":"page","link":"https:\/\/klimaandmore.de\/?page_id=922","title":{"rendered":"Presse"},"content":{"rendered":"\n<p>Bericht zu unserem Vortrag <strong>&#8222;Klimawandel und Gesundheit&#8220;<\/strong> in Laichingen in der Schw\u00e4bischen Zeitung am 6. Oktober 2023. <a href=\"https:\/\/www.schwaebische.de\/regional\/ulm-alb-donau\/laichingen\/hitze-schuert-hass-1956312?lid=true\">Link<\/a>.<\/p>\n\n\n\n<hr class=\"wp-block-separator has-alpha-channel-opacity\"\/>\n\n\n\n<p>Kurzer Bericht zu unserem Vortrag <strong>&#8222;Wir und das Klima&#8220; <\/strong>an der Kinderhochschule Ulm in der S\u00fcdwest Presse am 23. Juni 2022. <a href=\"https:\/\/www.swp.de\/lokales\/ulm\/kinderhochschule-ulm-wissenschaft-begeistert-acht-bis-zwoelfjaehrige-65104653.html\">Link<\/a>.<\/p>\n\n\n\n<hr class=\"wp-block-separator has-css-opacity\"\/>\n\n\n\n<p>Der <a href=\"https:\/\/www.unw-ulm.de\/wp-content\/uploads\/2021\/01\/unw2820.pdf\">Jahresbericht<\/a> des <strong>Ulmer Initiativkreises f\u00fcr nachhaltige Wirtschaftsentwicklung e.V.<\/strong>  ist erschienen. Auf S. 4 gibt es einen Bericht zur Stadthausveranstaltung 2020, an dem Michael auf dem Podium mit diskutiert hat, gefolgt von einem Interview auf S. 14\/15.<\/p>\n\n\n\n<hr class=\"wp-block-separator has-css-opacity\"\/>\n\n\n\n<p>Am 11. Januar 2021 hat die <strong><em>S\u00fcdwest Presse<\/em><\/strong> \u00fcber unsere Aktivit\u00e4ten berichtet. <a href=\"https:\/\/www.pressreader.com\/search?query=Wissenschaftler%20haben%20eine%20besondere%20Verantwortung%20Susanne%20K\u00fchl&amp;languages=de&amp;groupBy=Language&amp;hideSimilar=0&amp;type=1&amp;state=1\">Hier<\/a> k\u00f6nnt Ihr den Artikel &#8222;Wissenschaftler haben eine besondere Verantwortung&#8220; lesen. <\/p>\n\n\n\n<hr class=\"wp-block-separator has-css-opacity\"\/>\n\n\n\n<p><strong>Berichte \u00fcber unsere Mobilit\u00e4ts-Challenge (Aigle gegen K\u00fchl)<\/strong><\/p>\n\n\n\n<p><strong><em>S\u00fcdwest Presse<\/em><\/strong> am 2. Januar 2020 (<a href=\"https:\/\/www.swp.de\/lokales\/ulm\/Klimaschutz-Blaustein-Wettbewerb-Mobilitaet-Fahrrad-Auto-OePNV-42238433.html\">Link<\/a>) und 13. September 2020 (<a href=\"https:\/\/www.swp.de\/lokales\/ulm\/mobilitaet-2000-statt-12_000-auto-kilometer-51364104.html\">Link<\/a>). <\/p>\n\n\n\n<p><strong><em>ARD Buffet<\/em><\/strong> (ARD) am 17. September 2020: ca. 4 min\u00fctiger Beitrag (Film) aktuell <a href=\"https:\/\/www.swr.de\/buffet\/sendung-vom-17\/-\/id=98256\/did=25375122\/nid=98256\/17w53l\/index.html\">hier<\/a> zu finden (ab Minute 27).<\/p>\n\n\n\n<p><strong>Vielen Dank f\u00fcr die tollen Berichten und herzlichen Gl\u00fcckwunsch an die Sieger!<\/strong><\/p>\n\n\n\n<hr class=\"wp-block-separator has-css-opacity\"\/>\n\n\n\n<p>Wir freuen uns, dass wir im <strong>Ulmer Universit\u00e4tsmagazin &#8222;uni ulm intern&#8220;<\/strong> im Juni 2020 mit dabei sein d\u00fcrfen. <a href=\"https:\/\/www.uni-ulm.de\/universitaet\/hochschulkommunikation\/presse-und-oeffentlichkeitsarbeit\/unimagazin\/online-ausgabe-uni-ulm-intern\/uni-ulm-intern-nr-352-juni-2020\/schwerpunkt-nachhaltigkeit\/baumpflanzen\/#c834417\">Hier<\/a> gehts zum Beitrag. Vielen Dank an die Pressestelle der Uni Ulm f\u00fcr diesen wunderbaren Bericht!<\/p>\n\n\n<div class=\"wp-block-image\">\n<figure class=\"aligncenter is-resized\"><img decoding=\"async\" loading=\"lazy\" src=\"https:\/\/klimaandmore.de\/wp-content\/uploads\/2020\/07\/DSC_0585b-1024x683.jpg\" alt=\"\" class=\"wp-image-3151\" width=\"417\" height=\"277\" srcset=\"https:\/\/klimaandmore.de\/wp-content\/uploads\/2020\/07\/DSC_0585b-1024x683.jpg 1024w, https:\/\/klimaandmore.de\/wp-content\/uploads\/2020\/07\/DSC_0585b-300x200.jpg 300w, https:\/\/klimaandmore.de\/wp-content\/uploads\/2020\/07\/DSC_0585b-768x512.jpg 768w\" sizes=\"(max-width: 417px) 100vw, 417px\" \/><figcaption class=\"wp-element-caption\">Foto: Elvira Eberhardt<\/figcaption><\/figure><\/div>\n\n\n<hr class=\"wp-block-separator has-css-opacity\"\/>\n\n\n\n<p class=\"has-text-align-left\">Hier geht&#8217;s zu einem <a href=\"https:\/\/www.uni-ulm.de\/universitaet\/hochschulkommunikation\/presse-und-oeffentlichkeitsarbeit\/unimagazin\/online-ausgabe-uni-ulm-intern\/uni-ulm-intern-nr-352-juni-2020\/schwerpunkt-nachhaltigkeit\/baumpflanzen\/\">Beitrag<\/a> und einem kurzen <a href=\"https:\/\/www.youtube.com\/watch?v=sv6GyijhSmo&amp;feature=emb_logo\">Film<\/a> \u00fcber unsere <strong>Baumpflanzaktion<\/strong> an der Uni Ulm im M\u00e4rz 2020.<\/p>\n\n\n\n<hr class=\"wp-block-separator has-css-opacity\"\/>\n\n\n\n<p><strong><a href=\"https:\/\/www.unw-ulm.de\/index.php\/projekte\/klimasparbuch-ulm-neu-ulm\/?fbclid=IwAR0Se1B-yMXZRsY_sGZM5M6S58DA3_MUNaFBSACY8JqRZOM1jahd6YAWhDk\">Klimasparbuch Ulm\/Neu-Ulm 2020<\/a> <\/strong>&#8211; mit vielen Tipps und Gutscheinen f\u00fcr Jeden. Danke, dass wir dabei sein d\u00fcrfen!<\/p>\n\n\n<div class=\"wp-block-image\">\n<figure class=\"aligncenter is-resized\"><img decoding=\"async\" loading=\"lazy\" src=\"https:\/\/klimaandmore.de\/wp-content\/uploads\/2020\/05\/IMG_7907-660x1024.jpg\" alt=\"\" class=\"wp-image-2997\" width=\"316\" height=\"490\" srcset=\"https:\/\/klimaandmore.de\/wp-content\/uploads\/2020\/05\/IMG_7907-660x1024.jpg 660w, https:\/\/klimaandmore.de\/wp-content\/uploads\/2020\/05\/IMG_7907-193x300.jpg 193w, https:\/\/klimaandmore.de\/wp-content\/uploads\/2020\/05\/IMG_7907-768x1191.jpg 768w, https:\/\/klimaandmore.de\/wp-content\/uploads\/2020\/05\/IMG_7907.jpg 1200w\" sizes=\"(max-width: 316px) 100vw, 316px\" \/><\/figure><\/div>\n\n\n<hr class=\"wp-block-separator has-css-opacity\"\/>\n\n\n\n<p><strong>S\u00fcdwest Presse vom 1.2.2020 &#8211;<\/strong>Die SWP hat am 1.2.2020 \u00fcber unsere Vortrag in Langenau berichtet: &#8222;<a href=\"https:\/\/www.pressreader.com\/search?query=%22Kopf%20hoch%20und%20handeln%22&amp;languages=de&amp;groupBy=Language&amp;hideSimilar=0&amp;type=1&amp;state=1\">Kopf hoch und handeln<\/a>&#8222;<\/p>\n\n\n\n<hr class=\"wp-block-separator has-css-opacity\"\/>\n\n\n\n<p><strong>Schw\u00e4bische Zeitung vom 3. Februar 2020<\/strong> &#8211; &#8222;\u00dcber 600 Sch\u00fcler und Lehrer besch\u00e4ftigen sich aktiv mit dem Klimawandel&#8220;. Zum Artikel geht es <a href=\"https:\/\/www.schwaebische.de\/landkreis\/landkreis-ravensburg\/leutkirch_artikel,-\u00fcber-600-sch\u00fcler-und-lehrer-befassen-sich-aktiv-mit-dem-klimawandel-_arid,11180653.html\">hier<\/a>.<\/p>\n\n\n\n<hr class=\"wp-block-separator has-css-opacity\"\/>\n\n\n\n<p><strong>S\u00fcdwest Presse vom 3.1.2020, Albbote M\u00fcnsingen 4.1.2020 &#8211;<\/strong>Die SWP hat am 3.1.2020 unter dem Titel &#8222;<a href=\"https:\/\/www.pressreader.com\/search?query=weniger%20Auto%20ist%20mehr%20Blaustein%20zwei%20Familien&amp;languages=de&amp;groupBy=Language&amp;hideSimilar=0&amp;type=1&amp;state=1\">Weniger Auto ist mehr<\/a>&#8220; \u00fcber unsere Mobilit\u00e4tschallenge und unseren Blog berichtet.<\/p>\n\n\n\n<hr class=\"wp-block-separator has-css-opacity\"\/>\n\n\n\n<p><strong>S\u00fcdwest Presse vom 3.1.2020 &#8211; Leserbrief &#8211;<\/strong>Unser Leserbrief zu PET Flaschen wurde am 3.1.2020 ver\u00f6ffentlicht.<\/p>\n\n\n\n<hr class=\"wp-block-separator has-css-opacity\"\/>\n\n\n\n<p><strong>Augsburger Allgemeine\/Illertisser Zeitung vom 25. Oktober 2019 &#8211;<\/strong>Bericht \u00fcber unseren Vortrag in Babenhausen: &#8222;Was ein Eimer mit dem Klimawandel zu tun hat&#8220;.<a href=\"https:\/\/www.pressreader.com\/search?query=Was%20ein%20Eimer%20mit%20dem%20Klimawandel%20zu%20tun%20hat%20K\u00fchl&amp;languages=de&amp;groupBy=Language&amp;hideSimilar=0&amp;type=1&amp;state=1\"> Hier<\/a> geht es zum Artikel. <\/p>\n\n\n\n<hr class=\"wp-block-separator has-css-opacity\"\/>\n\n\n\n<p><strong>Interview von Radio free FM mit dem Sprecher der Scientists for Future Regionalgruppe Ulm &#8211;<\/strong> Am 10. Oktober 2019 wurde Michael K\u00fchl als Sprecher der Scientists for Future Regional Ulm interviewt. Im Gespr\u00e4ch wurde der Klimawandel mit m\u00f6glichen L\u00f6sungswegen diskutiert. Das Interview findet Ihr in der rechten Spalte auf dieser&nbsp;<a href=\"https:\/\/www.freefm.de\/artikel\/scientists-future-im-gespr\u00e4ch-mit-prof-dr-michael-k\u00fchl\">Seite<\/a>.  Bringt etwas Zeit mit, die Sendung dauert 1 Stunde. <\/p>\n\n\n\n<hr class=\"wp-block-separator has-css-opacity\"\/>\n\n\n\n<p><strong>Scientists for Future Ulm im Journal &#8222;Wissenschaftskommunikation.de&#8220;:<\/strong> Das Journal &#8222;Wissenschaftskommunikation.de&#8220; ver\u00f6ffentlicht Meinungen, Interviews, Diskussionen und Zusammenfassungen zu aktuellen Themen aus der Wissenschaftskommunikation. Ein Themenschwerpunkt ist die Klimakommunikation. Dabei geht es um die Frage, wie die Fakten rund um den Klimawandel am besten in die Gesellschaft kommuniziert werden.  Hier werden einzelne VertreterInnen der  Scientist for Future und ihre Bewegr\u00fcnde sich zu engagieren vorgestellt &#8211; im 3. Teil mit dabei Michael K\u00fchl.  <a href=\"https:\/\/www.wissenschaftskommunikation.de\/scientists-for-future-wer-unterstuetzt-die-initiative-und-warum-3-30921\/\">Details hier<\/a>. Viel Spa\u00df bei der Lekt\u00fcre dieses und anderer Beitr\u00e4ge auf dieser Seite. <\/p>\n\n\n\n<hr class=\"wp-block-separator has-css-opacity\"\/>\n\n\n\n<p><strong>Haller Tagblatt vom 30. September 2019 &#8211;<\/strong>Bericht \u00fcber die Podiumsdiskussion im Hospitalhof Schw\u00e4bisch Hall unter dem Titel: &#8222;Kaufen Sie nur Kleidung, die Sie wirklich brauchen&#8220;, <a href=\"https:\/\/www.pressreader.com\/germany\/haller-tagblatt\/20190930\/281814285597101\">hier<\/a> zu lesen.<\/p>\n\n\n\n<hr class=\"wp-block-separator has-css-opacity\"\/>\n\n\n\n<p><strong>Geislinger Zeitung vom 24. September 2019 &#8211;<\/strong>&#8222;<a href=\"https:\/\/www.pressreader.com\/search?query=Halbherzige%20Versuche%20reichen%20nicht%20Michael%20K\u00fchl&amp;languages=de&amp;groupBy=Language&amp;hideSimilar=0&amp;type=1&amp;state=1\">Halbherzige Versuche reichen nicht<\/a>&#8220; schreibt die Geislinger Zeitung \u00fcber unseren Vortrag in Geislingen. <\/p>\n\n\n\n<hr class=\"wp-block-separator has-css-opacity\"\/>\n\n\n\n<p>Am <strong>26. Juli 2019<\/strong> wurden wir von <strong>SWR4<\/strong> zum Thema Klima und Reisen interviewt.<\/p>\n\n\n\n<hr class=\"wp-block-separator has-css-opacity\"\/>\n\n\n\n<p><strong>Blausteiner Nachrichten vom 28. Juni 2019 <\/strong>&#8211; Nachlese &#8222;Klimawandel &#8211; Eine Spurensuche mit m\u00f6glichen Auswegen&#8220;<\/p>\n\n\n\n<hr class=\"wp-block-separator has-css-opacity\"\/>\n\n\n\n<p><strong>S\u00fcdwest Presse vom 27. Juni 2019 &#8211;<\/strong>Die SWP berichtet \u00fcber unseren Vortrag in Blaustein: &#8222;<a href=\"https:\/\/www.pressreader.com\/search?query=Auswege%20aus%20dem%20Treibhaus&amp;languages=de&amp;groupBy=Language&amp;hideSimilar=0&amp;type=1&amp;state=1\">Auswege aus dem Treibhaus<\/a>&#8222;. <\/p>\n\n\n\n<hr class=\"wp-block-separator has-css-opacity\"\/>\n\n\n\n<p><strong>S\u00fcdwest Presse vom 7. Juni 2019 <\/strong>&#8211; Unter dem Titel &#8222;Wir m\u00fcssen mehr Druck aufbauen&#8220; berichtet die SWP \u00fcber die Scientists for Future Ulm und unseren Blog. <\/p>\n\n\n\n<hr class=\"wp-block-separator has-css-opacity\"\/>\n\n\n\n<p><strong>Blaum\u00e4nnle vom 24. Mai 2019 &#8211;<\/strong>Bericht \u00fcber unsere Vortrag in Blaubeuren<\/p>\n\n\n\n<hr class=\"wp-block-separator has-css-opacity\"\/>\n\n\n\n<p><strong>Interview von Radio free FM mit dem Sprecher der Scientists for Future Regionalgruppe Ulm, Michael K\u00fchl, am 22. Mai 2019 &#8211;<\/strong>Die Scientists for Future sind eine \u00fcberparteiliche und \u00fcberinstitutionelle Gruppe von Wissenschaftlerinnen und Wissenschaftlern, die \u00fcber den Klimawandel, seine Folgen und den notwendigen Handlungsbedarf informieren.  Vor wenigen Wochen wurde auch eine Scientists for Future Regionalgruppe Ulm gegr\u00fcndet (Details <a href=\"https:\/\/www.ulm-news.de\/weblog\/ulm-news\/view\/dt\/3\/article\/69423\/-quot-Scientists_for_Future-quot--Regionalgruppe_Ulm_gegr-uuml-ndet_-_Wissenschaftler_unterst-uuml-tzen_-quot-Fridays_for_Future-quot--Bewegung.html\">hier<\/a>). Radio free FM hat den Sprecher der Regionalgruppe Ulm, Michael K\u00fchl, am 22. Mai 2019 interviewt&#8230;. Das komplette Interview findet Ihr auf der rechten Spalte auf dieser <a href=\"https:\/\/www.freefm.de\/artikel\/die-wissenschaft-f\u00fcr-den-klimaschutz-scientists-4-future\">Seite. <\/a><\/p>\n\n\n\n<hr class=\"wp-block-separator has-css-opacity\"\/>\n\n\n\n<p><strong>S\u00fcdwest Presse vom 18. Mai 2019 &#8211;<\/strong>Unter dem Titel &#8222;<a href=\"https:\/\/www.pressreader.com\/search?query=%22Geordneter%20Protest%22&amp;languages=de&amp;groupBy=Language&amp;hideSimilar=0&amp;type=1&amp;state=1\">Geordneter Protest<\/a>&#8220; geht es unter anderem um unseren Vortrag in Dornstadt. <\/p>\n\n\n\n<hr class=\"wp-block-separator has-css-opacity\"\/>\n\n\n\n<p><strong>S\u00fcdwest Presse vom 28. M\u00e4rz 2019 &#8211; Leserbrief &#8211;<\/strong>Unser Leserbrief &#8222;Jeder Einzelne kann etwas tun&#8220; wurde ver\u00f6ffentlicht.<\/p>\n\n\n\n<hr class=\"wp-block-separator has-css-opacity\"\/>\n\n\n\n<p><strong>Interview von Radio 7 mit Michael K\u00fchl am 14. \/ 15. M\u00e4rz 2019 &#8211;<\/strong>Seit Wochen finden immer wieder Gro\u00dfdemonstrationen der Bewegung <a href=\"https:\/\/fridaysforfuture.de\">Fridays for Future<\/a> statt &#8211; junge Menschen k\u00e4mpfen f\u00fcr einen schnellen und effizienteren Klimaschutz. In den letzten Wochen haben sich viele Sympathisanten gefunden: einerseits die Eltern in der <a href=\"https:\/\/parentsforfuture.de\">Parents for Future<\/a> Gruppe, die ihre Kinder aus vollen Kr\u00e4ften unterst\u00fctzen. Andererseits eine Vielzahl an hochkar\u00e4tigen Wissenschaftlern, den so genannten Experten, in der <a href=\"https:\/\/www.scientists4future.org\">Scientists for Future<\/a> Gruppe, die ebenfalls f\u00fcr eine schnelle Energiewende einstehen. Die  <a href=\"https:\/\/scilogs.spektrum.de\/klimalounge\/12-000-wissenschaftler-stellen-sich-hinter-die-streikenden-schueler\/?fbclid=IwAR290xcepJ0ngMyMRGiGZatNajZ5npR3zhKj0LpR3yi1ldLcLWj5ZUBt9H4=\">Pressekonferenz<\/a> mit einigen K\u00f6pfen der Scientists For Future Gruppe k\u00f6nnen wir sehr empfehlen! Wir von Klima and more wurden hierzu von Radio 7 interviewt. Hier Teil 1&#8230;. <\/p>\n\n\n\n<figure class=\"wp-block-audio\"><audio controls src=\"https:\/\/klimaandmore.de\/wp-content\/uploads\/2019\/03\/Interview_Radio7_Teil1.mp3\"><\/audio><figcaption class=\"wp-element-caption\">Interview Radio 7 mit Michael K\u00fchl am 14.3.2019<\/figcaption><\/figure>\n\n\n\n<p>Teil 2&#8230;.<\/p>\n\n\n\n<figure class=\"wp-block-audio\"><audio controls src=\"https:\/\/klimaandmore.de\/wp-content\/uploads\/2019\/03\/Interview_Radio7_Teil2.mp3\"><\/audio><figcaption class=\"wp-element-caption\">Interview Radio 7 mit Michael K\u00fchl am 15.3.2019<\/figcaption><\/figure>\n\n\n\n<p>Vielen Dank an Radio 7 f\u00fcr die Bereitstellung der Audiodateien. <\/p>\n\n\n\n<hr class=\"wp-block-separator has-css-opacity\"\/>\n\n\n\n<p><strong>Blausteiner Nachrichten vom 11. April 2019 &#8211; Teil 2 &#8211;<\/strong> Nachlese<\/p>\n\n\n\n<p><strong>Blausteiner Nachrichten vom 15. M\u00e4rz 2019 &#8211; Teil 1 &#8211;<\/strong>Ank\u00fcndigung Putzete &#8211; wer macht mit? <\/p>\n\n\n\n<p><br><\/p>\n","protected":false},"excerpt":{"rendered":"<p>Bericht zu unserem Vortrag &#8222;Klimawandel und Gesundheit&#8220; in Laichingen in der Schw\u00e4bischen Zeitung am 6. Oktober 2023. Link. Kurzer Bericht zu unserem Vortrag &#8222;Wir und das Klima&#8220; an der Kinderhochschule Ulm in der S\u00fcdwest Presse am 23. Juni 2022. Link. Der Jahresbericht des Ulmer Initiativkreises f\u00fcr nachhaltige Wirtschaftsentwicklung e.V. ist erschienen. Auf S. 4 gibt &hellip; <\/p>\n<p class=\"link-more\"><a href=\"https:\/\/klimaandmore.de\/?page_id=922\" class=\"more-link\"><span class=\"screen-reader-text\">\u201ePresse\u201c<\/span> weiterlesen<\/a><\/p>\n","protected":false},"author":4,"featured_media":0,"parent":0,"menu_order":0,"comment_status":"closed","ping_status":"closed","template":"","meta":{"spay_email":""},"jetpack_sharing_enabled":true,"jetpack_shortlink":"https:\/\/wp.me\/PaMwRu-eS","_links":{"self":[{"href":"https:\/\/klimaandmore.de\/index.php?rest_route=\/wp\/v2\/pages\/922"}],"collection":[{"href":"https:\/\/klimaandmore.de\/index.php?rest_route=\/wp\/v2\/pages"}],"about":[{"href":"https:\/\/klimaandmore.de\/index.php?rest_route=\/wp\/v2\/types\/page"}],"author":[{"embeddable":true,"href":"https:\/\/klimaandmore.de\/index.php?rest_route=\/wp\/v2\/users\/4"}],"replies":[{"embeddable":true,"href":"https:\/\/klimaandmore.de\/index.php?rest_route=%2Fwp%2Fv2%2Fcomments&post=922"}],"version-history":[{"count":99,"href":"https:\/\/klimaandmore.de\/index.php?rest_route=\/wp\/v2\/pages\/922\/revisions"}],"predecessor-version":[{"id":4629,"href":"https:\/\/klimaandmore.de\/index.php?rest_route=\/wp\/v2\/pages\/922\/revisions\/4629"}],"wp:attachment":[{"href":"https:\/\/klimaandmore.de\/index.php?rest_route=%2Fwp%2Fv2%2Fmedia&parent=922"}],"curies":[{"name":"wp","href":"https:\/\/api.w.org\/{rel}","templated":true}]}}